{"id":1877,"date":"2015-01-18T14:45:57","date_gmt":"2015-01-18T13:45:57","guid":{"rendered":"http:\/\/mikrosystem.pl\/?page_id=1877"},"modified":"2015-04-16T18:45:48","modified_gmt":"2015-04-16T16:45:48","slug":"fakturowanie-z-modulu-sprzedaz","status":"publish","type":"page","link":"https:\/\/mikrosystem.pl\/index.php\/pomoc\/eknf-instrukcja-obslugi\/eknf-glowne-okno-programu\/sprzedaz-tworzenie-i-przegladanie-dokumentow-sprzedazowych\/fakturowanie-z-modulu-sprzedaz","title":{"rendered":"Fakturowanie (z modu\u0142u Sprzeda\u017c)"},"content":{"rendered":"<p style=\"text-align: justify;\">Aby rozpocz\u0105\u0107 wystawianie faktury lub innego dokumentu sprzeda\u017cy (np: noty, czy faktury pro-forma) kliknij na [Dodaj dokument]: <a href=\"https:\/\/mikrosystem.pl\/wp-content\/uploads\/2015\/01\/eKNF-fakturowanie-ze-Sprzeda\u017cy-00.png\"><img loading=\"lazy\" decoding=\"async\" class=\" size-large wp-image-1888 aligncenter\" src=\"https:\/\/mikrosystem.pl\/wp-content\/uploads\/2015\/01\/eKNF-fakturowanie-ze-Sprzeda\u017cy-00-1024x640.png\" alt=\"eKNF - fakturowanie ze Sprzeda\u017cy 00\" width=\"1024\" height=\"640\" srcset=\"https:\/\/mikrosystem.pl\/mikrosystem_www\/wp-content\/uploads\/2015\/01\/eKNF-fakturowanie-ze-Sprzeda\u017cy-00-1024x640.png 1024w, https:\/\/mikrosystem.pl\/mikrosystem_www\/wp-content\/uploads\/2015\/01\/eKNF-fakturowanie-ze-Sprzeda\u017cy-00-300x188.png 300w, https:\/\/mikrosystem.pl\/mikrosystem_www\/wp-content\/uploads\/2015\/01\/eKNF-fakturowanie-ze-Sprzeda\u017cy-00.png 1280w\" sizes=\"auto, (max-width: 1024px) 100vw, 1024px\" \/><\/a><br \/>\neKNF otworzy niewype\u0142nione danymi okno edytora nowego dokumentu. W oknie tym mo\u017cemy okre\u015bli\u0107 m. in:<\/p>\n<ul style=\"text-align: justify;\">\n<li>Rejestr dokument\u00f3w (czyli ci\u0105g numeracyjny, w kt\u00f3rym chcemy wystawi\u0107 nowy dokument). Wybrany rejestr dokument\u00f3w okre\u015bli te\u017c typ dokumentu, kt\u00f3ry zamierzamy wystawi\u0107 (faktura VAT, nota, faktura pro-forma, faktura zaliczkowa, itp).<\/li>\n<li>Kontrahenta (z bazy danych klient\u00f3w systemu eKNF. W celu wybrania kontrahenta z bazy kliknij na [Wczytaj]<\/li>\n<li>Form\u0119 p\u0142atno\u015bci<\/li>\n<li>Walut\u0119 (eKNF automatycznie pobiera kursy walut z NBP, ale pozwala te\u017c na r\u0119czne okre\u015blenie kursu wymiany)<\/li>\n<li><a href=\"\/?page_id=2165\">J\u0119zyk dokumentu (eKNF pozwala na wystawianie dokument\u00f3w w j\u0119zykach polskim, angielskim, i niemieckim)<\/a><\/li>\n<\/ul>\n<p style=\"text-align: justify;\"><strong><a href=\"https:\/\/mikrosystem.pl\/wp-content\/uploads\/2015\/01\/eKNF-fakturowanie-ze-Sprzeda\u017cy-01.png\"><img loading=\"lazy\" decoding=\"async\" class=\" size-large wp-image-1881 aligncenter\" src=\"https:\/\/mikrosystem.pl\/wp-content\/uploads\/2015\/01\/eKNF-fakturowanie-ze-Sprzeda\u017cy-01-1024x640.png\" alt=\"eKNF - fakturowanie ze Sprzeda\u017cy 01\" width=\"1024\" height=\"640\" srcset=\"https:\/\/mikrosystem.pl\/mikrosystem_www\/wp-content\/uploads\/2015\/01\/eKNF-fakturowanie-ze-Sprzeda\u017cy-01-1024x640.png 1024w, https:\/\/mikrosystem.pl\/mikrosystem_www\/wp-content\/uploads\/2015\/01\/eKNF-fakturowanie-ze-Sprzeda\u017cy-01-300x188.png 300w, https:\/\/mikrosystem.pl\/mikrosystem_www\/wp-content\/uploads\/2015\/01\/eKNF-fakturowanie-ze-Sprzeda\u017cy-01.png 1280w\" sizes=\"auto, (max-width: 1024px) 100vw, 1024px\" \/><\/a>Uwaga:<\/strong> Je\u015bli chcesz wystawi\u0107 faktur\u0119 na klienta incydentalnego (nieistniej\u0105cego w bazie danych eKNF), zalecamy wybra\u0107 z bazy klienta: KLIENT INDYWIDUALNY, a nast\u0119pnie odpowiednio zmieni\u0107 jego dane w nag\u0142\u00f3wku faktury. Post\u0119powanie takie u\u0142atwia potem automatyczne ksi\u0119gowanie takich faktur na konto &#8216;klienta indywidualnego&#8217;, oraz raportowanie.<\/p>\n<p style=\"text-align: justify;\">Po wype\u0142nieniu nag\u0142\u00f3wka faktury przechodzimy do dodawania pozycji (klawisze: [Dodaj pozycj\u0119 z KPU] lub [Dodaj pakiet z KPU]). W terminologi eKNF pakiet oznacza grup\u0119 kilku pozycji. Najcz\u0119\u015bciej jest to us\u0142uga g\u0142\u00f3wna i towarzysz\u0105ca jej op\u0142ata transakcyjna.<br \/>\nAby wyszuka\u0107 wybrany pakiet lub pojedyncz\u0105 pozycj\u0119, wpisz kilka liter jej nazwy. Na przyk\u0142adzie poni\u017cej dodajemy do dokumentu polis\u0119 ubezpieczeniow\u0105. Dost\u0119pne pakiety polis mo\u017cemy wyszuka\u0107 wpisuj\u0105c pocz\u0105tek nazwy: POL<br \/>\n<a href=\"https:\/\/mikrosystem.pl\/wp-content\/uploads\/2015\/01\/eKNF-fakturowanie-ze-Sprzeda\u017cy-03.png\"><img loading=\"lazy\" decoding=\"async\" class=\" size-large wp-image-1883 aligncenter\" src=\"https:\/\/mikrosystem.pl\/wp-content\/uploads\/2015\/01\/eKNF-fakturowanie-ze-Sprzeda\u017cy-03-1024x640.png\" alt=\"eKNF - fakturowanie ze Sprzeda\u017cy 03\" width=\"1024\" height=\"640\" srcset=\"https:\/\/mikrosystem.pl\/mikrosystem_www\/wp-content\/uploads\/2015\/01\/eKNF-fakturowanie-ze-Sprzeda\u017cy-03-1024x640.png 1024w, https:\/\/mikrosystem.pl\/mikrosystem_www\/wp-content\/uploads\/2015\/01\/eKNF-fakturowanie-ze-Sprzeda\u017cy-03-300x188.png 300w, https:\/\/mikrosystem.pl\/mikrosystem_www\/wp-content\/uploads\/2015\/01\/eKNF-fakturowanie-ze-Sprzeda\u017cy-03.png 1280w\" sizes=\"auto, (max-width: 1024px) 100vw, 1024px\" \/><\/a><br \/>\nKliknij na pakiet, kt\u00f3ry zamierzasz doda\u0107 do dokumentu, a nast\u0119pnie kliknij [Dalej]<\/p>\n<p style=\"text-align: justify;\">eKNF posiada automatyczne interfejsy do zewn\u0119trznych wielu system\u00f3w sprzeda\u017cowych i rezerwacyjnych, potrafi wi\u0119c \u015bci\u0105gn\u0105\u0107 dane o sprzedanych tam us\u0142ugach i udost\u0119pni\u0107 je do automatycznego fakturowania. Je\u015bli us\u0142uga, kt\u00f3r\u0105 chcesz umie\u015bci\u0107 na fakturze, nale\u017cy do jednej z takich kategorii, mo\u017cesz j\u0105 wyszuka\u0107 na li\u015bcie importowanych transakcji, i doda\u0107 na faktur\u0119 jednym klikni\u0119ciem. W tym celu wy\u015bwietlane jest okno wyboru automatycznie importowanych transakcji. Je\u015bli &#8211; tak jak na przyk\u0142adzie poni\u017cej &#8211; dane musisz wprowadzi\u0107 r\u0119cznie, pomi\u0144 ten etap, i przejd\u017a do nast\u0119pnego kroku klikaj\u0105c na [Pomi\u0144 wczytywanie]<\/p>\n<p style=\"text-align: justify;\"><a href=\"https:\/\/mikrosystem.pl\/wp-content\/uploads\/2015\/01\/eKNF-fakturowanie-ze-Sprzeda\u017cy-04.png\"><img loading=\"lazy\" decoding=\"async\" class=\" size-large wp-image-1884 aligncenter\" src=\"https:\/\/mikrosystem.pl\/wp-content\/uploads\/2015\/01\/eKNF-fakturowanie-ze-Sprzeda\u017cy-04-1024x640.png\" alt=\"eKNF - fakturowanie ze Sprzeda\u017cy 04\" width=\"1024\" height=\"640\" srcset=\"https:\/\/mikrosystem.pl\/mikrosystem_www\/wp-content\/uploads\/2015\/01\/eKNF-fakturowanie-ze-Sprzeda\u017cy-04-1024x640.png 1024w, https:\/\/mikrosystem.pl\/mikrosystem_www\/wp-content\/uploads\/2015\/01\/eKNF-fakturowanie-ze-Sprzeda\u017cy-04-300x188.png 300w, https:\/\/mikrosystem.pl\/mikrosystem_www\/wp-content\/uploads\/2015\/01\/eKNF-fakturowanie-ze-Sprzeda\u017cy-04.png 1280w\" sizes=\"auto, (max-width: 1024px) 100vw, 1024px\" \/><\/a><br \/>\nI wprowad\u017a potrzebne dane r\u0119cznie:<br \/>\n<a href=\"https:\/\/mikrosystem.pl\/wp-content\/uploads\/2015\/01\/eKNF-fakturowanie-ze-Sprzeda\u017cy-05.png\"><img loading=\"lazy\" decoding=\"async\" class=\" size-large wp-image-1885 aligncenter\" src=\"https:\/\/mikrosystem.pl\/wp-content\/uploads\/2015\/01\/eKNF-fakturowanie-ze-Sprzeda\u017cy-05-1024x599.png\" alt=\"eKNF - fakturowanie ze Sprzeda\u017cy 05\" width=\"1024\" height=\"599\" srcset=\"https:\/\/mikrosystem.pl\/mikrosystem_www\/wp-content\/uploads\/2015\/01\/eKNF-fakturowanie-ze-Sprzeda\u017cy-05-1024x599.png 1024w, https:\/\/mikrosystem.pl\/mikrosystem_www\/wp-content\/uploads\/2015\/01\/eKNF-fakturowanie-ze-Sprzeda\u017cy-05-300x176.png 300w, https:\/\/mikrosystem.pl\/mikrosystem_www\/wp-content\/uploads\/2015\/01\/eKNF-fakturowanie-ze-Sprzeda\u017cy-05.png 1218w\" sizes=\"auto, (max-width: 1024px) 100vw, 1024px\" \/><\/a><br \/>\nUwaga: lista informacji potrzebnych do prawid\u0142owego opisu us\u0142ugi na fakturze (czyli tak zwanych p\u00f3l dodatkowych) jest w pe\u0142ni konfigurowalna. Na przyk\u0142adzie powy\u017cej, polis\u0119 ubezpieczeniow\u0105 opisuj\u0105: Kod dostawcy, Numer polisy, Nazwisko pasa\u017cera, Data od, i Data do. Mo\u017cesz swobodnie kszta\u0142towa\u0107 list\u0119 potrzebnych p\u00f3l oddzielnie dla ka\u017cdego typu us\u0142ugi. Mo\u017cesz te\u017c okre\u015bli\u0107, kt\u00f3re z wprowadzonych danych maj\u0105 by\u0107 domy\u015blnie drukowane na fakturze, a kt\u00f3re nie. (Widoczno\u015bci\u0105 wprowadzonych danych steruje kolumna Pozycja tekstowa. Ptaszek postawiony w tej kolumnie oznacza, \u017ce dana linijka ma zosta\u0107 wydrukowana na fakturze).<br \/>\n<em><span style=\"text-decoration: underline;\">Aby zmieni\u0107 list\u0119 p\u00f3l dodatkowych dla danej us\u0142ugi, lub zmieni\u0107 domy\u015blne ustawienia ich widoczno\u015bci, skontaktuj si\u0119 ze swoim lokalnym Administratorem eKNF, lub z nasz\u0105 pomoc\u0105 techniczn\u0105.<\/span><\/em><\/p>\n<p style=\"text-align: justify;\">Po wprowadzeniu wszystkich potrzebnych danych kliknij na [Dodaj], aby doda\u0107 opis pozycji do faktury.<br \/>\nW nast\u0119pnym kroku wpisz cen\u0119 (netto lub brutto) dodanej pozycji.<br \/>\n<a href=\"https:\/\/mikrosystem.pl\/wp-content\/uploads\/2015\/01\/eKNF-fakturowanie-ze-Sprzeda\u017cy-06.png\"><img loading=\"lazy\" decoding=\"async\" class=\" size-large wp-image-1886 aligncenter\" src=\"https:\/\/mikrosystem.pl\/wp-content\/uploads\/2015\/01\/eKNF-fakturowanie-ze-Sprzeda\u017cy-06-1024x640.png\" alt=\"eKNF - fakturowanie ze Sprzeda\u017cy 06\" width=\"1024\" height=\"640\" srcset=\"https:\/\/mikrosystem.pl\/mikrosystem_www\/wp-content\/uploads\/2015\/01\/eKNF-fakturowanie-ze-Sprzeda\u017cy-06-1024x640.png 1024w, https:\/\/mikrosystem.pl\/mikrosystem_www\/wp-content\/uploads\/2015\/01\/eKNF-fakturowanie-ze-Sprzeda\u017cy-06-300x188.png 300w, https:\/\/mikrosystem.pl\/mikrosystem_www\/wp-content\/uploads\/2015\/01\/eKNF-fakturowanie-ze-Sprzeda\u017cy-06.png 1280w\" sizes=\"auto, (max-width: 1024px) 100vw, 1024px\" \/><\/a><br \/>\nW ten spos\u00f3b mo\u017cesz doda\u0107 do nowo-tworzonego dokumentu dowolnie wiele pozycji r\u00f3\u017cnych typ\u00f3w. Po zako\u0144czeniu wprowadzania pozycji, kliknij na [Zapisz i zamknij] &#8211; klawisz znajduj\u0105cy si\u0119 w lewym g\u00f3rnym rogu edytora. eKNF zapisze dokument, przydzieli mu numer, i otworzy panel wydruku, za pomoc\u0105 kt\u00f3rego mo\u017cesz wydrukowa\u0107 b\u0105d\u017a wys\u0142a\u0107 mailem utworzony dokument:<br \/>\n<a href=\"https:\/\/mikrosystem.pl\/wp-content\/uploads\/2015\/01\/eKNF-panel-wydruku.png\"><img loading=\"lazy\" decoding=\"async\" class=\" size-full wp-image-1835 aligncenter\" src=\"https:\/\/mikrosystem.pl\/wp-content\/uploads\/2015\/01\/eKNF-panel-wydruku.png\" alt=\"eKNF - panel wydruku\" width=\"807\" height=\"598\" srcset=\"https:\/\/mikrosystem.pl\/mikrosystem_www\/wp-content\/uploads\/2015\/01\/eKNF-panel-wydruku.png 807w, https:\/\/mikrosystem.pl\/mikrosystem_www\/wp-content\/uploads\/2015\/01\/eKNF-panel-wydruku-300x222.png 300w\" sizes=\"auto, (max-width: 807px) 100vw, 807px\" \/><\/a><\/p>\n","protected":false},"excerpt":{"rendered":"<p>Aby rozpocz\u0105\u0107 wystawianie faktury lub innego dokumentu sprzeda\u017cy (np: noty, czy faktury pro-forma) kliknij na [Dodaj dokument]: eKNF otworzy niewype\u0142nione danymi okno edytora nowego dokumentu. W oknie tym mo\u017cemy okre\u015bli\u0107 m. in: Rejestr dokument\u00f3w (czyli ci\u0105g numeracyjny, w kt\u00f3rym chcemy wystawi\u0107 nowy dokument). Wybrany rejestr dokument\u00f3w okre\u015bli te\u017c typ dokumentu, kt\u00f3ry zamierzamy wystawi\u0107 (faktura VAT, &#8230; <a title=\"Fakturowanie (z modu\u0142u Sprzeda\u017c)\" class=\"read-more\" href=\"https:\/\/mikrosystem.pl\/index.php\/pomoc\/eknf-instrukcja-obslugi\/eknf-glowne-okno-programu\/sprzedaz-tworzenie-i-przegladanie-dokumentow-sprzedazowych\/fakturowanie-z-modulu-sprzedaz\" aria-label=\"Dowiedz si\u0119 wi\u0119cej o Fakturowanie (z modu\u0142u Sprzeda\u017c)\">Read more<\/a><\/p>\n","protected":false},"author":5,"featured_media":0,"parent":1870,"menu_order":0,"comment_status":"open","ping_status":"open","template":"faqs.php","meta":{"generate_page_header":"","footnotes":""},"class_list":{"0":"post-1877","1":"page","2":"type-page","3":"status-publish","5":"infinite-scroll-item"},"_links":{"self":[{"href":"https:\/\/mikrosystem.pl\/index.php\/wp-json\/wp\/v2\/pages\/1877","targetHints":{"allow":["GET"]}}],"collection":[{"href":"https:\/\/mikrosystem.pl\/index.php\/wp-json\/wp\/v2\/pages"}],"about":[{"href":"https:\/\/mikrosystem.pl\/index.php\/wp-json\/wp\/v2\/types\/page"}],"author":[{"embeddable":true,"href":"https:\/\/mikrosystem.pl\/index.php\/wp-json\/wp\/v2\/users\/5"}],"replies":[{"embeddable":true,"href":"https:\/\/mikrosystem.pl\/index.php\/wp-json\/wp\/v2\/comments?post=1877"}],"version-history":[{"count":10,"href":"https:\/\/mikrosystem.pl\/index.php\/wp-json\/wp\/v2\/pages\/1877\/revisions"}],"predecessor-version":[{"id":1889,"href":"https:\/\/mikrosystem.pl\/index.php\/wp-json\/wp\/v2\/pages\/1877\/revisions\/1889"}],"up":[{"embeddable":true,"href":"https:\/\/mikrosystem.pl\/index.php\/wp-json\/wp\/v2\/pages\/1870"}],"wp:attachment":[{"href":"https:\/\/mikrosystem.pl\/index.php\/wp-json\/wp\/v2\/media?parent=1877"}],"curies":[{"name":"wp","href":"https:\/\/api.w.org\/{rel}","templated":true}]}}