{"id":1870,"date":"2015-01-18T13:45:43","date_gmt":"2015-01-18T12:45:43","guid":{"rendered":"http:\/\/mikrosystem.pl\/?page_id=1870"},"modified":"2020-03-23T14:26:15","modified_gmt":"2020-03-23T13:26:15","slug":"sprzedaz-tworzenie-i-przegladanie-dokumentow-sprzedazowych","status":"publish","type":"page","link":"https:\/\/mikrosystem.pl\/index.php\/pomoc\/eknf-instrukcja-obslugi\/eknf-glowne-okno-programu\/sprzedaz-tworzenie-i-przegladanie-dokumentow-sprzedazowych","title":{"rendered":"Sprzeda\u017c &#8211; Tworzenie i przegl\u0105danie dokument\u00f3w sprzeda\u017cowych"},"content":{"rendered":"<p><\/p>\n<p style=\"text-align: justify;\">Modu\u0142 Sprzeda\u017c s\u0142u\u017cy do:<\/p>\n<ul>\n<li style=\"text-align: justify;\"><a href=\"\/?page_id=1877\">tworzenia i przegl\u0105dania dokument\u00f3w sprzeda\u017cy (zak\u0142adka Lista dokument\u00f3w sprzeda\u017cy)<\/a><\/li>\n<li style=\"text-align: justify;\"><a href=\"\/?page_id=1939\">tworzenia i przegl\u0105dania dokument\u00f3w KP\/KW (zak\u0142adka P\u0142atno\u015bci)<\/a><\/li>\n<li style=\"text-align: justify;\"><a href=\"\/?page_id=1957\">wprowadzania i edycji p\u0142atno\u015bci, oraz kontroli zaleg\u0142ych p\u0142atno\u015bci (zak\u0142adka Rozliczenie faktur)<\/a><\/li>\n<li style=\"text-align: justify;\"><a href=\"https:\/\/mikrosystem.pl\/index.php\/pomoc\/eknf-instrukcja-obslugi\/eknf-glowne-okno-programu\/sprzedaz-tworzenie-i-przegladanie-dokumentow-sprzedazowych\/automatyczne-wystawianie-faktur-prowizyjnych-na-linie-lotnicze\">automatycznego generowana faktur prowizyjnych dla linii lotniczych<\/a><\/li>\n<li>drukowania lub przesy\u0142ania mailem faktury wraz z za\u0142\u0105cznikami<\/li>\n<li style=\"text-align: justify;\">drukowania lub przesy\u0142ania mailem wielu faktur<\/li>\n<li>pobierania wielu faktur w postaci archiwum ZIP (np: faktur agencyjnych PKP)<\/li>\n<\/ul>\n<p>eKNF jest wyposa\u017cony w dedykowane modu\u0142y przeznaczone do ewidencji sprzeda\u017cy bilet\u00f3w lotniczych (<a href=\"https:\/\/mikrosystem.pl\/index.php\/pomoc\/eknf-instrukcja-obslugi\/eknf-glowne-okno-programu\/adesk\">ADesk<\/a>), bilet\u00f3w kolejowych (<a href=\"https:\/\/mikrosystem.pl\/?page_id=1929\">RDesk<\/a>), hoteli (<a href=\"https:\/\/mikrosystem.pl\/index.php\/pomoc\/eknf-instrukcja-obslugi\/eknf-glowne-okno-programu\/english-hotel-desktop-ewidencjonowanie-i-rozliczanie-rezerwacji-hotelowych\">HTLDesk<\/a>), i turystyki (<a href=\"https:\/\/mikrosystem.pl\/?page_id=1915\">TDesk<\/a>). Ka\u017cdy z tych modu\u0142\u00f3w ma wyspecjalizowane narz\u0119dzia s\u0142u\u017c\u0105ce do fakturowania. Mechanizm fakturowania dost\u0119pny w module Sprzeda\u017c s\u0142u\u017cy natomiast do wystawiania faktur na pozosta\u0142e us\u0142ugi, kt\u00f3re nie wymagaj\u0105 wyspecjalizowanych narz\u0119dzi (np: promy, ubezpieczenia, wizy, wynajem samochod\u00f3w).<\/p>\n<p style=\"text-align: justify;\"><a href=\"\/?page_id=1877\">Przeczytaj wi\u0119cej o wystawianiu dokument\u00f3w sprzeda\u017cy bezpo\u015brednio z modu\u0142u Sprzeda\u017c<\/a><\/p>\n<p>Modu\u0142 Sprzeda\u017c s\u0142u\u017cy te\u017c do przegl\u0105dania wystawionych ju\u017c dokument\u00f3w sprzeda\u017cy i wykonywania na nich innych operacji. Menu dost\u0119pnych operacji znajduje si\u0119 pod prawym klawiszem myszy (po wskazaniu dokumentu, kt\u00f3rego operacja ma dotyczy\u0107):<\/p>\n<p>Modu\u0142 sprzeda\u017c pozwala te\u017c na wydrukowanie (lub wysy\u0142k\u0119) wielu faktur. <a href=\"https:\/\/mikrosystem.pl\/index.php\/pomoc\/eknf-instrukcja-obslugi\/eknf-glowne-okno-programu\/sprzedaz-tworzenie-i-przegladanie-dokumentow-sprzedazowych\/wydruk-lub-przesylanie-wielu-faktur\">Przeczytaj wi\u0119cej na ten temat<\/a>.<\/p>\n<p><a href=\"https:\/\/mikrosystem.pl\/wp-content\/uploads\/2015\/01\/eKNF-Sprzedaz-01.png\"><img loading=\"lazy\" decoding=\"async\" class=\" size-large wp-image-1874 aligncenter\" src=\"https:\/\/mikrosystem.pl\/wp-content\/uploads\/2015\/01\/eKNF-Sprzedaz-01-1024x640.png\" alt=\"eKNF - Sprzedaz 01\" width=\"1024\" height=\"640\" srcset=\"https:\/\/mikrosystem.pl\/mikrosystem_www\/wp-content\/uploads\/2015\/01\/eKNF-Sprzedaz-01-1024x640.png 1024w, https:\/\/mikrosystem.pl\/mikrosystem_www\/wp-content\/uploads\/2015\/01\/eKNF-Sprzedaz-01-300x188.png 300w, https:\/\/mikrosystem.pl\/mikrosystem_www\/wp-content\/uploads\/2015\/01\/eKNF-Sprzedaz-01.png 1280w\" sizes=\"auto, (max-width: 1024px) 100vw, 1024px\" \/><\/a><\/p>\n<p><\/p>","protected":false},"excerpt":{"rendered":"<p>Modu\u0142 Sprzeda\u017c s\u0142u\u017cy do: tworzenia i przegl\u0105dania dokument\u00f3w sprzeda\u017cy (zak\u0142adka Lista dokument\u00f3w sprzeda\u017cy) tworzenia i przegl\u0105dania dokument\u00f3w KP\/KW (zak\u0142adka P\u0142atno\u015bci) wprowadzania i edycji p\u0142atno\u015bci, oraz kontroli zaleg\u0142ych p\u0142atno\u015bci (zak\u0142adka Rozliczenie faktur) automatycznego generowana faktur prowizyjnych dla linii lotniczych drukowania lub przesy\u0142ania mailem faktury wraz z za\u0142\u0105cznikami drukowania lub przesy\u0142ania mailem wielu faktur pobierania wielu faktur &#8230; <a title=\"Sprzeda\u017c &#8211; Tworzenie i przegl\u0105danie dokument\u00f3w sprzeda\u017cowych\" class=\"read-more\" href=\"https:\/\/mikrosystem.pl\/index.php\/pomoc\/eknf-instrukcja-obslugi\/eknf-glowne-okno-programu\/sprzedaz-tworzenie-i-przegladanie-dokumentow-sprzedazowych\" aria-label=\"Dowiedz si\u0119 wi\u0119cej o Sprzeda\u017c &#8211; Tworzenie i przegl\u0105danie dokument\u00f3w sprzeda\u017cowych\">Read more<\/a><\/p>\n","protected":false},"author":5,"featured_media":0,"parent":1818,"menu_order":0,"comment_status":"closed","ping_status":"closed","template":"","meta":{"generate_page_header":"","footnotes":""},"class_list":{"0":"post-1870","1":"page","2":"type-page","3":"status-publish","5":"infinite-scroll-item"},"_links":{"self":[{"href":"https:\/\/mikrosystem.pl\/index.php\/wp-json\/wp\/v2\/pages\/1870","targetHints":{"allow":["GET"]}}],"collection":[{"href":"https:\/\/mikrosystem.pl\/index.php\/wp-json\/wp\/v2\/pages"}],"about":[{"href":"https:\/\/mikrosystem.pl\/index.php\/wp-json\/wp\/v2\/types\/page"}],"author":[{"embeddable":true,"href":"https:\/\/mikrosystem.pl\/index.php\/wp-json\/wp\/v2\/users\/5"}],"replies":[{"embeddable":true,"href":"https:\/\/mikrosystem.pl\/index.php\/wp-json\/wp\/v2\/comments?post=1870"}],"version-history":[{"count":11,"href":"https:\/\/mikrosystem.pl\/index.php\/wp-json\/wp\/v2\/pages\/1870\/revisions"}],"predecessor-version":[{"id":4498,"href":"https:\/\/mikrosystem.pl\/index.php\/wp-json\/wp\/v2\/pages\/1870\/revisions\/4498"}],"up":[{"embeddable":true,"href":"https:\/\/mikrosystem.pl\/index.php\/wp-json\/wp\/v2\/pages\/1818"}],"wp:attachment":[{"href":"https:\/\/mikrosystem.pl\/index.php\/wp-json\/wp\/v2\/media?parent=1870"}],"curies":[{"name":"wp","href":"https:\/\/api.w.org\/{rel}","templated":true}]}}