{"id":1854,"date":"2015-01-17T15:23:29","date_gmt":"2015-01-17T14:23:29","guid":{"rendered":"http:\/\/mikrosystem.pl\/?page_id=1854"},"modified":"2018-08-30T10:55:30","modified_gmt":"2018-08-30T08:55:30","slug":"fakturowanie-wielu-biletow-lotniczych","status":"publish","type":"page","link":"https:\/\/mikrosystem.pl\/index.php\/pomoc\/eknf-instrukcja-obslugi\/fakturowanie\/fakturowanie-biletow-lotniczych-regularnych-i-tanich-linii\/fakturowanie-wielu-biletow-lotniczych","title":{"rendered":"Fakturowanie wielu bilet\u00f3w lotniczych"},"content":{"rendered":"<p><\/p>\n<p style=\"text-align: justify;\">Fakturowanie wielu bilet\u00f3w lotniczych:<\/p>\n<p><strong>Uwaga:<\/strong> ta procedura opisuje wystawienie jednej, wsp\u00f3lnej faktury na bilet i op\u0142at\u0119 serwisow\u0105 i powinna by\u0107 stosowana przy odsprzeda\u017cy bilet\u00f3w tanich linii, lub bilet\u00f3w regularnych linii w biurach Non-IATA. Pami\u0119taj, \u017ce akredytowani agenci IATA maj\u0105 obowi\u0105zek wystawiania dw\u00f3ch oddzielnych faktur: jednej na bilet, i drugiej na op\u0142at\u0119 serwisow\u0105. <a href=\"https:\/\/mikrosystem.pl\/mikrosystem_www\/wp-content\/uploads\/2018\/08\/IATA_JPK.pdf\">Przeczytaj wytyczne IATA<\/a><\/p>\n<p style=\"text-align: justify;\">1. Wyszukaj kolejno bilety, i ka\u017cdy z nich oznacz klikaj\u0105c na kwadracik w kolumnie z lewej strony.<\/p>\n<p style=\"text-align: justify;\"><a href=\"https:\/\/mikrosystem.pl\/wp-content\/uploads\/2015\/01\/eKNF-fakturowanie-kilku-biletow-01.png\"><img loading=\"lazy\" decoding=\"async\" class=\" size-large wp-image-1856 aligncenter\" src=\"https:\/\/mikrosystem.pl\/wp-content\/uploads\/2015\/01\/eKNF-fakturowanie-kilku-biletow-01-1024x451.png\" alt=\"eKNF - fakturowanie kilku biletow 01\" width=\"1024\" height=\"451\" srcset=\"https:\/\/mikrosystem.pl\/mikrosystem_www\/wp-content\/uploads\/2015\/01\/eKNF-fakturowanie-kilku-biletow-01-1024x451.png 1024w, https:\/\/mikrosystem.pl\/mikrosystem_www\/wp-content\/uploads\/2015\/01\/eKNF-fakturowanie-kilku-biletow-01-300x132.png 300w, https:\/\/mikrosystem.pl\/mikrosystem_www\/wp-content\/uploads\/2015\/01\/eKNF-fakturowanie-kilku-biletow-01.png 1219w\" sizes=\"auto, (max-width: 1024px) 100vw, 1024px\" \/><\/a><\/p>\n<p style=\"text-align: justify;\">eKNF utworzy list\u0119 z wybranymi przez Ciebie biletami. Je\u015bli kt\u00f3ry\u015b bilet wybrany zosta\u0142 przez pomy\u0142k\u0119, mo\u017cesz go usun\u0105\u0107 z listy &#8211; klikaj\u0105c na czerwony krzy\u017cyk z lewej strony biletu.<br \/>\nPo wybraniu wszystkich bilet\u00f3w, kliknij na klawisz [Wystaw faktur\u0119 do edycji] znajduj\u0105cy si\u0119 w g\u00f3rnej cz\u0119\u015bci ekranu:<br \/>\n<a href=\"https:\/\/mikrosystem.pl\/wp-content\/uploads\/2015\/01\/eKNF-fakturowanie-kilku-biletow-02.png\"><img loading=\"lazy\" decoding=\"async\" class=\"alignleft size-large wp-image-1857\" src=\"https:\/\/mikrosystem.pl\/wp-content\/uploads\/2015\/01\/eKNF-fakturowanie-kilku-biletow-02-1024x523.png\" alt=\"eKNF - fakturowanie kilku biletow 02\" width=\"1024\" height=\"523\" srcset=\"https:\/\/mikrosystem.pl\/mikrosystem_www\/wp-content\/uploads\/2015\/01\/eKNF-fakturowanie-kilku-biletow-02-1024x523.png 1024w, https:\/\/mikrosystem.pl\/mikrosystem_www\/wp-content\/uploads\/2015\/01\/eKNF-fakturowanie-kilku-biletow-02-300x153.png 300w, https:\/\/mikrosystem.pl\/mikrosystem_www\/wp-content\/uploads\/2015\/01\/eKNF-fakturowanie-kilku-biletow-02.png 1219w\" sizes=\"auto, (max-width: 1024px) 100vw, 1024px\" \/><\/a><\/p>\n<p style=\"text-align: justify;\">2. Je\u015bli bilety nie s\u0105 jeszcze przypisane do \u017cadnego kontrahenta, system poprosi o wybranie go z listy. Wpisz par\u0119 liter nazwy kontrahenta (mog\u0105 by\u0107 ze \u015brodka nazwy), system podpowie pasuj\u0105ce nazwy:<br \/>\n<a href=\"https:\/\/mikrosystem.pl\/wp-content\/uploads\/2015\/01\/eKNF-fakturowanie-jednostkowe-02.png\"><img loading=\"lazy\" decoding=\"async\" class=\" size-large wp-image-1837 aligncenter\" src=\"https:\/\/mikrosystem.pl\/wp-content\/uploads\/2015\/01\/eKNF-fakturowanie-jednostkowe-02-1024x584.png\" alt=\"eKNF - fakturowanie jednostkowe 02\" width=\"1024\" height=\"584\" srcset=\"https:\/\/mikrosystem.pl\/mikrosystem_www\/wp-content\/uploads\/2015\/01\/eKNF-fakturowanie-jednostkowe-02-1024x584.png 1024w, https:\/\/mikrosystem.pl\/mikrosystem_www\/wp-content\/uploads\/2015\/01\/eKNF-fakturowanie-jednostkowe-02-300x171.png 300w, https:\/\/mikrosystem.pl\/mikrosystem_www\/wp-content\/uploads\/2015\/01\/eKNF-fakturowanie-jednostkowe-02.png 1119w\" sizes=\"auto, (max-width: 1024px) 100vw, 1024px\" \/><\/a><br \/>\n3. Zweryfikuj ceny wszystkich bilet\u00f3w i poprawno\u015b\u0107 naliczonych op\u0142at transakcyjnych. Je\u015bli w profilu klienta nie okre\u015blono wysoko\u015bci op\u0142at transakcyjnych dla danego typu biletu, system poprosi o ich uzupe\u0142nienie. Wybrane bilety zostan\u0105 przedstawione w oddzielnych zak\u0142adkach opatrzonych ich numerami. Zak\u0142adki oznaczone na czerwono to te, w kt\u00f3rych system nie naliczy\u0142 automatycznie op\u0142at transakcyjnych. Kliknij na nie po kolei i uzupe\u0142nij wysoko\u015b\u0107 op\u0142at.<br \/>\n<a href=\"https:\/\/mikrosystem.pl\/wp-content\/uploads\/2015\/01\/eKNF-fakturowanie-kilku-biletow-03.png\"><img loading=\"lazy\" decoding=\"async\" class=\" size-large wp-image-1858 aligncenter\" src=\"https:\/\/mikrosystem.pl\/wp-content\/uploads\/2015\/01\/eKNF-fakturowanie-kilku-biletow-03-1024x523.png\" alt=\"eKNF - fakturowanie kilku biletow 03\" width=\"1024\" height=\"523\" srcset=\"https:\/\/mikrosystem.pl\/mikrosystem_www\/wp-content\/uploads\/2015\/01\/eKNF-fakturowanie-kilku-biletow-03-1024x523.png 1024w, https:\/\/mikrosystem.pl\/mikrosystem_www\/wp-content\/uploads\/2015\/01\/eKNF-fakturowanie-kilku-biletow-03-300x153.png 300w, https:\/\/mikrosystem.pl\/mikrosystem_www\/wp-content\/uploads\/2015\/01\/eKNF-fakturowanie-kilku-biletow-03.png 1219w\" sizes=\"auto, (max-width: 1024px) 100vw, 1024px\" \/><\/a><\/p>\n<p style=\"text-align: justify;\">Ca\u0142kowit\u0105 cen\u0119 biletu mo\u017cesz okre\u015bli\u0107 na kilka sposob\u00f3w: podaj\u0105c wysoko\u015b\u0107 op\u0142aty transakcyjnej (jak na obrazku powy\u017cej) Lub podaj\u0105c cen\u0119 ca\u0142kowit\u0105. Wtedy system &#8211; na podstawie zadanej ca\u0142kowitej ceny biletu (pole: Kwota total) &#8211; wyliczy wysoko\u015b\u0107 op\u0142aty transakcyjnej. Funkcja ta jest przydatna zw\u0142aszcza wtedy, gdy klient dokona\u0142 przedp\u0142aty w podanej wysoko\u015bci, lecz w momencie wystawienia biletu zmiany kursowe wp\u0142yn\u0119\u0142y na zmian\u0119 pierwotnie podanej ceny. Wpisuj\u0105c kwot\u0119 total odpowiadaj\u0105c\u0105 wp\u0142aconej przez klienta przedp\u0142acie, uzyskasz faktur\u0119 w wysoko\u015bci odpowiadaj\u0105cej wp\u0142aconej kwocie:<a href=\"https:\/\/mikrosystem.pl\/wp-content\/uploads\/2015\/01\/eKNF-fakturowanie-jednostkowe-03c.png\"><img loading=\"lazy\" decoding=\"async\" class=\" size-full wp-image-1841 aligncenter\" src=\"https:\/\/mikrosystem.pl\/wp-content\/uploads\/2015\/01\/eKNF-fakturowanie-jednostkowe-03c.png\" alt=\"eKNF - fakturowanie jednostkowe 03c\" width=\"857\" height=\"482\" srcset=\"https:\/\/mikrosystem.pl\/mikrosystem_www\/wp-content\/uploads\/2015\/01\/eKNF-fakturowanie-jednostkowe-03c.png 857w, https:\/\/mikrosystem.pl\/mikrosystem_www\/wp-content\/uploads\/2015\/01\/eKNF-fakturowanie-jednostkowe-03c-300x169.png 300w\" sizes=\"auto, (max-width: 857px) 100vw, 857px\" \/><\/a><br \/>\nMo\u017cliwe jest te\u017c r\u0119czne zmodyfikowanie ceny netto biletu (fare):<br \/>\n<a href=\"https:\/\/mikrosystem.pl\/wp-content\/uploads\/2015\/01\/eKNF-fakturowanie-jednostkowe-03d.png\"><img loading=\"lazy\" decoding=\"async\" class=\" size-full wp-image-1842 aligncenter\" src=\"https:\/\/mikrosystem.pl\/wp-content\/uploads\/2015\/01\/eKNF-fakturowanie-jednostkowe-03d.png\" alt=\"eKNF - fakturowanie jednostkowe 03d\" width=\"856\" height=\"475\" srcset=\"https:\/\/mikrosystem.pl\/mikrosystem_www\/wp-content\/uploads\/2015\/01\/eKNF-fakturowanie-jednostkowe-03d.png 856w, https:\/\/mikrosystem.pl\/mikrosystem_www\/wp-content\/uploads\/2015\/01\/eKNF-fakturowanie-jednostkowe-03d-300x166.png 300w\" sizes=\"auto, (max-width: 856px) 100vw, 856px\" \/><\/a><strong>Uwaga:<\/strong> Odradzamy modyfikacj\u0119 ceny ca\u0142kowitej biletu poprzez zmian\u0119 wysoko\u015bci op\u0142at lotniskowych. W wypadku bilet\u00f3w krajowych prowadzi to do zaburzenia warto\u015bci podatku VAT w rozliczeniach z lini\u0105 lotnicz\u0105. Mo\u017ce te\u017c spowodowa\u0107 nieprawid\u0142owo\u015bci w niekt\u00f3rych raportach, kt\u00f3re bior\u0105 pod uwag\u0119 dane pochodz\u0105ce z systemu GDS, a nie kwoty z faktury.<\/p>\n<p style=\"text-align: justify;\">5. Zweryfikuj opis bilet\u00f3w na fakturze (tak zwane pola dodatkowe). Mo\u017cesz zmieni\u0107 ich tre\u015b\u0107, oraz sterowa\u0107 tym, czy poszczeg\u00f3lne linijki opisu pojawi\u0105 si\u0119 na wydruku faktury (Decyduje o tym ptaszek w kolumnie &#8220;Pozycja tekstowa&#8221;. Brak ptaszka oznacza: nie drukuj tej informacji na fakturze.<br \/>\nOpisy kolejnych bilet\u00f3w przedstawione b\u0119d\u0105 jeden pod drugim. Po zako\u0144czeniu edycji kliknij na [Dodaj]<br \/>\n<a href=\"https:\/\/mikrosystem.pl\/wp-content\/uploads\/2015\/01\/eKNF-fakturowanie-kilku-biletow-04.png\"><img loading=\"lazy\" decoding=\"async\" class=\" size-large wp-image-1859 aligncenter\" src=\"https:\/\/mikrosystem.pl\/wp-content\/uploads\/2015\/01\/eKNF-fakturowanie-kilku-biletow-04-1024x561.png\" alt=\"eKNF - fakturowanie kilku biletow 04\" width=\"1024\" height=\"561\" srcset=\"https:\/\/mikrosystem.pl\/mikrosystem_www\/wp-content\/uploads\/2015\/01\/eKNF-fakturowanie-kilku-biletow-04-1024x561.png 1024w, https:\/\/mikrosystem.pl\/mikrosystem_www\/wp-content\/uploads\/2015\/01\/eKNF-fakturowanie-kilku-biletow-04-300x164.png 300w, https:\/\/mikrosystem.pl\/mikrosystem_www\/wp-content\/uploads\/2015\/01\/eKNF-fakturowanie-kilku-biletow-04.png 1217w\" sizes=\"auto, (max-width: 1024px) 100vw, 1024px\" \/><\/a>6. W oknie edycji faktury uzupe\u0142nij potrzebne informacje:<br \/>\nrejestr (ci\u0105g numeracyjny) faktur,<br \/>\nform\u0119 p\u0142atno\u015bci (domy\u015blnie zostanie wybrana forma p\u0142atno\u015bci z profilu klienta chyba, \u017ce bilet jest p\u0142atny kart\u0105 kredytow\u0105 &#8211; w\u00f3wczas system zaproponuje r\u00f3wnie\u017c zmian\u0119 formy p\u0142atno\u015bci op\u0142aty transakcyjnej na Karta PC\/AX co oznacza: p\u0142atno\u015b\u0107 przez terminal POS)<\/p>\n<p style=\"text-align: justify;\"><a href=\"https:\/\/mikrosystem.pl\/wp-content\/uploads\/2015\/01\/eKNF-fakturowanie-kilku-biletow-05.png\"><img loading=\"lazy\" decoding=\"async\" class=\" size-large wp-image-1860 aligncenter\" src=\"https:\/\/mikrosystem.pl\/wp-content\/uploads\/2015\/01\/eKNF-fakturowanie-kilku-biletow-05-1024x640.png\" alt=\"eKNF - fakturowanie kilku biletow 05\" width=\"1024\" height=\"640\" srcset=\"https:\/\/mikrosystem.pl\/mikrosystem_www\/wp-content\/uploads\/2015\/01\/eKNF-fakturowanie-kilku-biletow-05-1024x640.png 1024w, https:\/\/mikrosystem.pl\/mikrosystem_www\/wp-content\/uploads\/2015\/01\/eKNF-fakturowanie-kilku-biletow-05-300x188.png 300w, https:\/\/mikrosystem.pl\/mikrosystem_www\/wp-content\/uploads\/2015\/01\/eKNF-fakturowanie-kilku-biletow-05.png 1280w\" sizes=\"auto, (max-width: 1024px) 100vw, 1024px\" \/><\/a><\/p>\n<p style=\"text-align: justify;\">W czasie przygotowywania faktury mo\u017cesz sterowa\u0107 sposobem przedstawienia biletu na fakturze. Mo\u017cliwych jest kilka form zapisu biletu:<br \/>\nTrzy wiersze: bilet, op\u0142aty lotniskowe, op\u0142ata transakcyjna<br \/>\nDwie wiersze: bilet i op\u0142aty lotniskowe razem, i op\u0142ata transakcyjna<br \/>\nJeden wiersz: bilet, op\u0142aty lotniskowe, i op\u0142ata transakcyjna zsumowane razem (w\u00f3wczas op\u0142ata transakcyja jest niewidoczna na fakturze)<br \/>\nWidoczno\u015bci\u0105 poszczeg\u00f3lnych wierszy mo\u017cesz sterowa\u0107 zaznaczaj\u0105c lub odznaczaj\u0105c je ptaszkiem w kolumnie Widoczno\u015b\u0107. Na przyk\u0142adzie powy\u017cej bilet i op\u0142ata transakcyjna z\u0105 oznaczone jako widoczne, a op\u0142aty lotniskowe: nie. Oznacza to, \u017ce kwota op\u0142at lotniskowych zostanie doliczona do ceny biletu na fakturze, lecz nie b\u0119dzie przedstawiona jako oddzielna pozycja<\/p>\n<p style=\"text-align: justify;\"><strong><span style=\"text-decoration: underline;\">Grupowanie bilet\u00f3w:<\/span><\/strong><br \/>\nMo\u017cesz r\u00f3wnie\u017c zbi\u0107 wiele bilet\u00f3w w jedn\u0105 pozycj\u0119 na fakturze. W tym celu kliknij na klawisz [Zgrupuj bilety], kt\u00f3ry znajduje si\u0119 bezpo\u015brednio nad tabelk\u0105 przedstawiaj\u0105c\u0105 pozycje faktury (z prawej strony ekranu).<br \/>\nPo zgrupowaniu pozycji, na fakturze wydrukowane zostan\u0105 tylko pozycje zbiorcze, stanowi\u0105ce sum\u0119 wszyskich pozycji danego typu wybranych do zafakturowania (na ekranie poni\u017cej oznaczone na czerwono). Pozycje sk\u0142adowe s\u0105 nadal widoczne w oknie edycji , ale nie zostan\u0105 wydrukowane na fakturze:<br \/>\n<a href=\"https:\/\/mikrosystem.pl\/wp-content\/uploads\/2015\/01\/eKNF-fakturowanie-kilku-biletow-06.png\"><img loading=\"lazy\" decoding=\"async\" class=\" size-large wp-image-1855 aligncenter\" src=\"https:\/\/mikrosystem.pl\/wp-content\/uploads\/2015\/01\/eKNF-fakturowanie-kilku-biletow-06-1024x640.png\" alt=\"eKNF - fakturowanie kilku biletow 06\" width=\"1024\" height=\"640\" srcset=\"https:\/\/mikrosystem.pl\/mikrosystem_www\/wp-content\/uploads\/2015\/01\/eKNF-fakturowanie-kilku-biletow-06-1024x640.png 1024w, https:\/\/mikrosystem.pl\/mikrosystem_www\/wp-content\/uploads\/2015\/01\/eKNF-fakturowanie-kilku-biletow-06-300x188.png 300w, https:\/\/mikrosystem.pl\/mikrosystem_www\/wp-content\/uploads\/2015\/01\/eKNF-fakturowanie-kilku-biletow-06.png 1280w\" sizes=\"auto, (max-width: 1024px) 100vw, 1024px\" \/><\/a><\/p>\n<p style=\"text-align: justify;\">7. Po zako\u0144czeniu edycji faktury, kliknij na [Zapisz i zamknij] (lewy g\u00f3rny r\u00f3g w oknie edycji). Faktura zostanie zapisana, i otworzy si\u0119 panel wydruku. W panelu wydruku mo\u017cesz wydrukowa\u0107, b\u0105d\u017a wys\u0142a\u0107 poczt\u0105 elektroniczn\u0105 wystawion\u0105 faktur\u0119:<br \/>\n<a href=\"https:\/\/mikrosystem.pl\/wp-content\/uploads\/2015\/01\/eKNF-panel-wydruku.png\"><img loading=\"lazy\" decoding=\"async\" class=\" size-full wp-image-1835 aligncenter\" src=\"https:\/\/mikrosystem.pl\/wp-content\/uploads\/2015\/01\/eKNF-panel-wydruku.png\" alt=\"eKNF - panel wydruku\" width=\"807\" height=\"598\" srcset=\"https:\/\/mikrosystem.pl\/mikrosystem_www\/wp-content\/uploads\/2015\/01\/eKNF-panel-wydruku.png 807w, https:\/\/mikrosystem.pl\/mikrosystem_www\/wp-content\/uploads\/2015\/01\/eKNF-panel-wydruku-300x222.png 300w\" sizes=\"auto, (max-width: 807px) 100vw, 807px\" \/><\/a><\/p>\n<p style=\"text-align: justify;\">\n<p><\/p>","protected":false},"excerpt":{"rendered":"<p>Fakturowanie wielu bilet\u00f3w lotniczych: Uwaga: ta procedura opisuje wystawienie jednej, wsp\u00f3lnej faktury na bilet i op\u0142at\u0119 serwisow\u0105 i powinna by\u0107 stosowana przy odsprzeda\u017cy bilet\u00f3w tanich linii, lub bilet\u00f3w regularnych linii w biurach Non-IATA. Pami\u0119taj, \u017ce akredytowani agenci IATA maj\u0105 obowi\u0105zek wystawiania dw\u00f3ch oddzielnych faktur: jednej na bilet, i drugiej na op\u0142at\u0119 serwisow\u0105. Przeczytaj wytyczne IATA &#8230; <a title=\"Fakturowanie wielu bilet\u00f3w lotniczych\" class=\"read-more\" href=\"https:\/\/mikrosystem.pl\/index.php\/pomoc\/eknf-instrukcja-obslugi\/fakturowanie\/fakturowanie-biletow-lotniczych-regularnych-i-tanich-linii\/fakturowanie-wielu-biletow-lotniczych\" aria-label=\"Dowiedz si\u0119 wi\u0119cej o Fakturowanie wielu bilet\u00f3w lotniczych\">Read more<\/a><\/p>\n","protected":false},"author":5,"featured_media":0,"parent":1846,"menu_order":0,"comment_status":"open","ping_status":"open","template":"","meta":{"generate_page_header":"","footnotes":""},"class_list":{"0":"post-1854","1":"page","2":"type-page","3":"status-publish","5":"infinite-scroll-item"},"_links":{"self":[{"href":"https:\/\/mikrosystem.pl\/index.php\/wp-json\/wp\/v2\/pages\/1854","targetHints":{"allow":["GET"]}}],"collection":[{"href":"https:\/\/mikrosystem.pl\/index.php\/wp-json\/wp\/v2\/pages"}],"about":[{"href":"https:\/\/mikrosystem.pl\/index.php\/wp-json\/wp\/v2\/types\/page"}],"author":[{"embeddable":true,"href":"https:\/\/mikrosystem.pl\/index.php\/wp-json\/wp\/v2\/users\/5"}],"replies":[{"embeddable":true,"href":"https:\/\/mikrosystem.pl\/index.php\/wp-json\/wp\/v2\/comments?post=1854"}],"version-history":[{"count":7,"href":"https:\/\/mikrosystem.pl\/index.php\/wp-json\/wp\/v2\/pages\/1854\/revisions"}],"predecessor-version":[{"id":4014,"href":"https:\/\/mikrosystem.pl\/index.php\/wp-json\/wp\/v2\/pages\/1854\/revisions\/4014"}],"up":[{"embeddable":true,"href":"https:\/\/mikrosystem.pl\/index.php\/wp-json\/wp\/v2\/pages\/1846"}],"wp:attachment":[{"href":"https:\/\/mikrosystem.pl\/index.php\/wp-json\/wp\/v2\/media?parent=1854"}],"curies":[{"name":"wp","href":"https:\/\/api.w.org\/{rel}","templated":true}]}}