{"id":1846,"date":"2015-01-17T10:06:23","date_gmt":"2015-01-17T09:06:23","guid":{"rendered":"http:\/\/mikrosystem.pl\/?page_id=1846"},"modified":"2026-03-05T09:58:53","modified_gmt":"2026-03-05T08:58:53","slug":"fakturowanie-biletow-lotniczych-regularnych-i-tanich-linii","status":"publish","type":"page","link":"https:\/\/mikrosystem.pl\/index.php\/pomoc\/eknf-instrukcja-obslugi\/fakturowanie\/fakturowanie-biletow-lotniczych-regularnych-i-tanich-linii","title":{"rendered":"Fakturowanie bilet\u00f3w lotniczych regularnych i tanich linii"},"content":{"rendered":"<p>Fakturowanie pojedynczego biletu<br><strong>Uwaga:<\/strong> ta procedura opisuje wystawienie jednej, wsp\u00f3lnej faktury na bilet i op\u0142at\u0119 serwisow\u0105 i powinna by\u0107 stosowana przy odsprzeda\u017cy bilet\u00f3w tanich linii, lub bilet\u00f3w regularnych linii w biurach Non-IATA. Pami\u0119taj, \u017ce akredytowani agenci IATA maj\u0105 obowi\u0105zek wystawiania dw\u00f3ch oddzielnych faktur: jednej na bilet, i drugiej na op\u0142at\u0119 serwisow\u0105. <a href=\"https:\/\/mikrosystem.pl\/mikrosystem_www\/wp-content\/uploads\/2018\/08\/IATA_JPK.pdf\">Przeczytaj wytyczne IATA<\/a><\/p>\n\n\n\n<p>(Je\u015bli chcesz na jednej fakturze umie\u015bci\u0107 wi\u0119cej bilet\u00f3w, <a href=\"\/?page_id=1854\">przejd\u017a do opisu fakturowania wielu bilet\u00f3w<\/a>)<\/p>\n\n\n\n<p>1. Wyszukaj bilet, i kliknij na niego prawym klawiszem myszy. Wybierz z menu: Faktura -&gt; Wystaw do edycji<\/p>\n\n\n<div class=\"wp-block-image\">\n<figure class=\"aligncenter\"><a href=\"https:\/\/mikrosystem.pl\/wp-content\/uploads\/2015\/01\/eKNF-fakturowanie-jednostkowe-01.png\"><img loading=\"lazy\" decoding=\"async\" width=\"1024\" height=\"566\" src=\"https:\/\/mikrosystem.pl\/wp-content\/uploads\/2015\/01\/eKNF-fakturowanie-jednostkowe-01-1024x566.png\" alt=\"eKNF - fakturowanie jednostkowe 01\" class=\"wp-image-1836\" srcset=\"https:\/\/mikrosystem.pl\/mikrosystem_www\/wp-content\/uploads\/2015\/01\/eKNF-fakturowanie-jednostkowe-01-1024x566.png 1024w, https:\/\/mikrosystem.pl\/mikrosystem_www\/wp-content\/uploads\/2015\/01\/eKNF-fakturowanie-jednostkowe-01-300x166.png 300w, https:\/\/mikrosystem.pl\/mikrosystem_www\/wp-content\/uploads\/2015\/01\/eKNF-fakturowanie-jednostkowe-01.png 1219w\" sizes=\"auto, (max-width: 1024px) 100vw, 1024px\" \/><\/a><\/figure>\n<\/div>\n\n\n<p><\/p>\n\n\n<div class=\"wp-block-image\">\n<figure class=\"aligncenter\"><a href=\"https:\/\/mikrosystem.pl\/wp-content\/uploads\/2015\/01\/eKNF-fakturowanie-jednostkowe-02.png\"><img loading=\"lazy\" decoding=\"async\" width=\"1024\" height=\"584\" src=\"https:\/\/mikrosystem.pl\/wp-content\/uploads\/2015\/01\/eKNF-fakturowanie-jednostkowe-02-1024x584.png\" alt=\"eKNF - fakturowanie jednostkowe 02\" class=\"wp-image-1837\" srcset=\"https:\/\/mikrosystem.pl\/mikrosystem_www\/wp-content\/uploads\/2015\/01\/eKNF-fakturowanie-jednostkowe-02-1024x584.png 1024w, https:\/\/mikrosystem.pl\/mikrosystem_www\/wp-content\/uploads\/2015\/01\/eKNF-fakturowanie-jednostkowe-02-300x171.png 300w, https:\/\/mikrosystem.pl\/mikrosystem_www\/wp-content\/uploads\/2015\/01\/eKNF-fakturowanie-jednostkowe-02.png 1119w\" sizes=\"auto, (max-width: 1024px) 100vw, 1024px\" \/><\/a><\/figure>\n<\/div>\n\n\n<p>2. Je\u015bli bilet nie jest jeszcze przypisany do \u017cadnego kontrahenta, system poprosi o wybranie go z listy. Wpisz par\u0119 liter nazwy kontrahenta (mog\u0105 by\u0107 ze \u015brodka nazwy), system podpowie pasuj\u0105ce nazwy:<br><br>3. Zweryfikuj cen\u0119 biletu i poprawno\u015b\u0107 naliczonej op\u0142aty transakcyjnej. Je\u015bli w profilu klienta nie okre\u015blono wysoko\u015bci op\u0142aty transakcyjnej dla danego typu biletu, system poprosi o jej dopisanie:<\/p>\n\n\n<div class=\"wp-block-image\">\n<figure class=\"aligncenter\"><a href=\"https:\/\/mikrosystem.pl\/wp-content\/uploads\/2015\/01\/eKNF-fakturowanie-jednostkowe-03a.png\"><img loading=\"lazy\" decoding=\"async\" width=\"1024\" height=\"547\" src=\"https:\/\/mikrosystem.pl\/wp-content\/uploads\/2015\/01\/eKNF-fakturowanie-jednostkowe-03a-1024x547.png\" alt=\"eKNF - fakturowanie jednostkowe 03a\" class=\"wp-image-1839\" srcset=\"https:\/\/mikrosystem.pl\/mikrosystem_www\/wp-content\/uploads\/2015\/01\/eKNF-fakturowanie-jednostkowe-03a-1024x547.png 1024w, https:\/\/mikrosystem.pl\/mikrosystem_www\/wp-content\/uploads\/2015\/01\/eKNF-fakturowanie-jednostkowe-03a-300x160.png 300w, https:\/\/mikrosystem.pl\/mikrosystem_www\/wp-content\/uploads\/2015\/01\/eKNF-fakturowanie-jednostkowe-03a.png 1219w\" sizes=\"auto, (max-width: 1024px) 100vw, 1024px\" \/><\/a><\/figure>\n<\/div>\n\n\n<p><\/p>\n\n\n<div class=\"wp-block-image\">\n<figure class=\"aligncenter\"><a href=\"https:\/\/mikrosystem.pl\/wp-content\/uploads\/2015\/01\/eKNF-fakturowanie-jednostkowe-03c.png\"><img loading=\"lazy\" decoding=\"async\" width=\"857\" height=\"482\" src=\"https:\/\/mikrosystem.pl\/wp-content\/uploads\/2015\/01\/eKNF-fakturowanie-jednostkowe-03c.png\" alt=\"eKNF - fakturowanie jednostkowe 03c\" class=\"wp-image-1841\" srcset=\"https:\/\/mikrosystem.pl\/mikrosystem_www\/wp-content\/uploads\/2015\/01\/eKNF-fakturowanie-jednostkowe-03c.png 857w, https:\/\/mikrosystem.pl\/mikrosystem_www\/wp-content\/uploads\/2015\/01\/eKNF-fakturowanie-jednostkowe-03c-300x169.png 300w\" sizes=\"auto, (max-width: 857px) 100vw, 857px\" \/><\/a><\/figure>\n<\/div>\n\n<div class=\"wp-block-image\">\n<figure class=\"aligncenter\"><a href=\"https:\/\/mikrosystem.pl\/wp-content\/uploads\/2015\/01\/eKNF-fakturowanie-jednostkowe-03d.png\"><img loading=\"lazy\" decoding=\"async\" width=\"856\" height=\"475\" src=\"https:\/\/mikrosystem.pl\/wp-content\/uploads\/2015\/01\/eKNF-fakturowanie-jednostkowe-03d.png\" alt=\"eKNF - fakturowanie jednostkowe 03d\" class=\"wp-image-1842\" srcset=\"https:\/\/mikrosystem.pl\/mikrosystem_www\/wp-content\/uploads\/2015\/01\/eKNF-fakturowanie-jednostkowe-03d.png 856w, https:\/\/mikrosystem.pl\/mikrosystem_www\/wp-content\/uploads\/2015\/01\/eKNF-fakturowanie-jednostkowe-03d-300x166.png 300w\" sizes=\"auto, (max-width: 856px) 100vw, 856px\" \/><\/a><\/figure>\n<\/div>\n\n\n<p>Ca\u0142kowit\u0105 cen\u0119 biletu mo\u017cesz okre\u015bli\u0107 na kilka sposob\u00f3w: podaj\u0105c wysoko\u015b\u0107 op\u0142aty transakcyjnej (jak na obrazku powy\u017cej) Lub podaj\u0105c cen\u0119 ca\u0142kowit\u0105. Wtedy system &#8211; na podstawie zadanej ca\u0142kowitej ceny biletu (pole: Kwota total) &#8211; wyliczy wysoko\u015b\u0107 op\u0142aty transakcyjnej. Funkcja ta jest przydatna zw\u0142aszcza wtedy, gdy klient dokona\u0142 przedp\u0142aty w podanej wysoko\u015bci, lecz w momencie wystawienia biletu zmiany kursowe wp\u0142yn\u0119\u0142y na zmian\u0119 pierwotnie podanej ceny. Wpisuj\u0105c kwot\u0119 total odpowiadaj\u0105c\u0105 wp\u0142aconej przez klienta przedp\u0142acie, uzyskasz faktur\u0119 w wysoko\u015bci odpowiadaj\u0105cej wp\u0142aconej kwocie:<br>Mo\u017cliwe jest te\u017c r\u0119czne zmodyfikowanie ceny netto biletu (fare):<br><strong>Uwaga:<\/strong> Odradzamy modyfikacj\u0119 ceny ca\u0142kowitej biletu poprzez zmian\u0119 wysoko\u015bci op\u0142at lotniskowych. W wypadku bilet\u00f3w krajowych prowadzi to do zaburzenia warto\u015bci podatku VAT w rozliczeniach z lini\u0105 lotnicz\u0105. Mo\u017ce te\u017c spowodowa\u0107 nieprawid\u0142owo\u015bci w niekt\u00f3rych raportach, kt\u00f3re bior\u0105 pod uwag\u0119 dane pochodz\u0105ce z systemu GDS, a nie kwoty z&nbsp; faktury.<\/p>\n\n\n<div class=\"wp-block-image\">\n<figure class=\"aligncenter\"><a href=\"https:\/\/mikrosystem.pl\/wp-content\/uploads\/2015\/01\/eKNF-fakturowanie-jednostkowe-04.png\"><img loading=\"lazy\" decoding=\"async\" width=\"706\" height=\"444\" src=\"https:\/\/mikrosystem.pl\/wp-content\/uploads\/2015\/01\/eKNF-fakturowanie-jednostkowe-04.png\" alt=\"eKNF - fakturowanie jednostkowe 04\" class=\"wp-image-1843\" srcset=\"https:\/\/mikrosystem.pl\/mikrosystem_www\/wp-content\/uploads\/2015\/01\/eKNF-fakturowanie-jednostkowe-04.png 706w, https:\/\/mikrosystem.pl\/mikrosystem_www\/wp-content\/uploads\/2015\/01\/eKNF-fakturowanie-jednostkowe-04-300x189.png 300w\" sizes=\"auto, (max-width: 706px) 100vw, 706px\" \/><\/a><\/figure>\n<\/div>\n\n\n<p>5. Zweryfikuj opis biletu na fakturze (tak zwane pola dodatkowe). Mo\u017cesz zmieni\u0107 ich tre\u015b\u0107, oraz sterowa\u0107 tym, czy poszczeg\u00f3lne linijki opisu pojawi\u0105 si\u0119 na wydruku faktury (Decyduje o tym ptaszek w kolumnie &#8220;Pozycja tekstowa&#8221;. Brak ptaszka oznacza: nie drukuj tej informacji na fakturze.<br>Po zako\u0144czeniu edycji kliknij na [Dodaj]<br><\/p>\n\n\n\n<p>6. W oknie edycji faktury uzupe\u0142nij potrzebne informacje:<br>rejestr (ci\u0105g numeracyjny) faktur,<br>form\u0119 p\u0142atno\u015bci (domy\u015blnie zostanie wybrana forma p\u0142atno\u015bci z profilu klienta chyba, \u017ce bilet jest p\u0142atny kart\u0105 kredytow\u0105 &#8211; w\u00f3wczas system zaproponuje r\u00f3wnie\u017c zmian\u0119 formy p\u0142atno\u015bci op\u0142aty transakcyjnej na Karta PC\/AX co oznacza: p\u0142atno\u015b\u0107 przez terminal POS)<\/p>\n\n\n<div class=\"wp-block-image\">\n<figure class=\"aligncenter\"><a href=\"https:\/\/mikrosystem.pl\/wp-content\/uploads\/2015\/01\/eKNF-fakturowanie-jednostkowe-05.png\"><img loading=\"lazy\" decoding=\"async\" width=\"1024\" height=\"592\" src=\"https:\/\/mikrosystem.pl\/wp-content\/uploads\/2015\/01\/eKNF-fakturowanie-jednostkowe-05-1024x592.png\" alt=\"eKNF - fakturowanie jednostkowe 05\" class=\"wp-image-1844\" srcset=\"https:\/\/mikrosystem.pl\/mikrosystem_www\/wp-content\/uploads\/2015\/01\/eKNF-fakturowanie-jednostkowe-05-1024x592.png 1024w, https:\/\/mikrosystem.pl\/mikrosystem_www\/wp-content\/uploads\/2015\/01\/eKNF-fakturowanie-jednostkowe-05-300x173.png 300w, https:\/\/mikrosystem.pl\/mikrosystem_www\/wp-content\/uploads\/2015\/01\/eKNF-fakturowanie-jednostkowe-05.png 1216w\" sizes=\"auto, (max-width: 1024px) 100vw, 1024px\" \/><\/a><\/figure>\n<\/div>\n\n\n<p><\/p>\n\n\n\n<p>W czasie przygotowywania faktury mo\u017cesz sterowa\u0107 sposobem przedstawienia biletu na fakturze. Mo\u017cliwych jest kilka form zapisu biletu:<br>Trzy wiersze: bilet, op\u0142aty lotniskowe, op\u0142ata transakcyjna<br>Dwie wiersze: bilet i op\u0142aty lotniskowe razem, i op\u0142ata transakcyjna<br>Jeden wiersz: bilet, op\u0142aty lotniskowe, i op\u0142ata transakcyjna zsumowane razem (w\u00f3wczas op\u0142ata transakcyja jest niewidoczna na fakturze)<br>Widoczno\u015bci\u0105 poszczeg\u00f3lnych wierszy mo\u017cesz sterowa\u0107 zaznaczaj\u0105c lub odznaczaj\u0105c je ptaszkiem w kolumnie Widoczno\u015b\u0107. Na przyk\u0142adzie powy\u017cej bilet i op\u0142ata transakcyjna z\u0105 oznaczone jako widoczne, a op\u0142aty lotniskowe: nie. Oznacza to, \u017ce kwota op\u0142at lotniskowych zostanie doliczona do ceny biletu na fakturze, lecz nie b\u0119dzie przedstawiona jako oddzielna pozycja<\/p>\n\n\n<div class=\"wp-block-image\">\n<figure class=\"aligncenter\"><a href=\"https:\/\/mikrosystem.pl\/wp-content\/uploads\/2015\/01\/eKNF-panel-wydruku.png\"><img loading=\"lazy\" decoding=\"async\" width=\"807\" height=\"598\" src=\"https:\/\/mikrosystem.pl\/wp-content\/uploads\/2015\/01\/eKNF-panel-wydruku.png\" alt=\"eKNF - panel wydruku\" class=\"wp-image-1835\" srcset=\"https:\/\/mikrosystem.pl\/mikrosystem_www\/wp-content\/uploads\/2015\/01\/eKNF-panel-wydruku.png 807w, https:\/\/mikrosystem.pl\/mikrosystem_www\/wp-content\/uploads\/2015\/01\/eKNF-panel-wydruku-300x222.png 300w\" sizes=\"auto, (max-width: 807px) 100vw, 807px\" \/><\/a><\/figure>\n<\/div>\n\n\n<p>7. Po zako\u0144czeniu edycji faktury, kliknij na [Zapisz i zamknij] (lewy g\u00f3rny r\u00f3g w oknie edycji). Faktura zostanie zapisana, i otworzy si\u0119 panel wydruku. W panelu wydruku mo\u017cesz wydrukowa\u0107, b\u0105d\u017a wys\u0142a\u0107 poczt\u0105 elektroniczn\u0105 wystawion\u0105 faktur\u0119:<br><\/p>\n\n\n\n<p><\/p>","protected":false},"excerpt":{"rendered":"<p>Fakturowanie pojedynczego biletuUwaga: ta procedura opisuje wystawienie jednej, wsp\u00f3lnej faktury na bilet i op\u0142at\u0119 serwisow\u0105 i powinna by\u0107 stosowana przy odsprzeda\u017cy bilet\u00f3w tanich linii, lub bilet\u00f3w regularnych linii w biurach Non-IATA. Pami\u0119taj, \u017ce akredytowani agenci IATA maj\u0105 obowi\u0105zek wystawiania dw\u00f3ch oddzielnych faktur: jednej na bilet, i drugiej na op\u0142at\u0119 serwisow\u0105. Przeczytaj wytyczne IATA (Je\u015bli chcesz &#8230; <a title=\"Fakturowanie bilet\u00f3w lotniczych regularnych i tanich linii\" class=\"read-more\" href=\"https:\/\/mikrosystem.pl\/index.php\/pomoc\/eknf-instrukcja-obslugi\/fakturowanie\/fakturowanie-biletow-lotniczych-regularnych-i-tanich-linii\" aria-label=\"Dowiedz si\u0119 wi\u0119cej o Fakturowanie bilet\u00f3w lotniczych regularnych i tanich linii\">Read more<\/a><\/p>\n","protected":false},"author":5,"featured_media":0,"parent":6236,"menu_order":0,"comment_status":"open","ping_status":"open","template":"","meta":{"generate_page_header":"","footnotes":""},"class_list":{"0":"post-1846","1":"page","2":"type-page","3":"status-publish","5":"infinite-scroll-item"},"_links":{"self":[{"href":"https:\/\/mikrosystem.pl\/index.php\/wp-json\/wp\/v2\/pages\/1846","targetHints":{"allow":["GET"]}}],"collection":[{"href":"https:\/\/mikrosystem.pl\/index.php\/wp-json\/wp\/v2\/pages"}],"about":[{"href":"https:\/\/mikrosystem.pl\/index.php\/wp-json\/wp\/v2\/types\/page"}],"author":[{"embeddable":true,"href":"https:\/\/mikrosystem.pl\/index.php\/wp-json\/wp\/v2\/users\/5"}],"replies":[{"embeddable":true,"href":"https:\/\/mikrosystem.pl\/index.php\/wp-json\/wp\/v2\/comments?post=1846"}],"version-history":[{"count":7,"href":"https:\/\/mikrosystem.pl\/index.php\/wp-json\/wp\/v2\/pages\/1846\/revisions"}],"predecessor-version":[{"id":6239,"href":"https:\/\/mikrosystem.pl\/index.php\/wp-json\/wp\/v2\/pages\/1846\/revisions\/6239"}],"up":[{"embeddable":true,"href":"https:\/\/mikrosystem.pl\/index.php\/wp-json\/wp\/v2\/pages\/6236"}],"wp:attachment":[{"href":"https:\/\/mikrosystem.pl\/index.php\/wp-json\/wp\/v2\/media?parent=1846"}],"curies":[{"name":"wp","href":"https:\/\/api.w.org\/{rel}","templated":true}]}}