{"id":1818,"date":"2015-01-16T14:31:38","date_gmt":"2015-01-16T13:31:38","guid":{"rendered":"http:\/\/mikrosystem.pl\/?page_id=1818"},"modified":"2019-08-05T09:48:49","modified_gmt":"2019-08-05T07:48:49","slug":"eknf-glowne-okno-programu","status":"publish","type":"page","link":"https:\/\/mikrosystem.pl\/index.php\/pomoc\/eknf-instrukcja-obslugi\/eknf-glowne-okno-programu","title":{"rendered":"eKNF &#8211; G\u0142\u00f3wne okno programu"},"content":{"rendered":"<p style=\"text-align: justify;\">G\u0142\u00f3wne okno daje dost\u0119p do wszystkich zak\u0142adek dost\u0119pnych dla u\u017cytkownika. Widoczno\u015b\u0107 poszczeg\u00f3lnych zak\u0142adek zale\u017cy od uprawnie\u0144 (zasob\u00f3w) nadanych u\u017cytkownikowi przez Administratora.<br \/>\nDomy\u015blna zak\u0142adka, kt\u00f3ra otwiera si\u0119 automatycznie po zalogowaniu, mo\u017ce by\u0107 okre\u015blona przez u\u017cytkownika w jego ustawieniach osobistych (na zdj\u0119ciu jest to ADesk &#8211; pulpit dedykowany do pracy z biletami lotniczymi)<\/p>\n<p style=\"text-align: justify;\"><a href=\"https:\/\/mikrosystem.pl\/wp-content\/uploads\/2015\/01\/eKNF_main_screen.png\"><img loading=\"lazy\" decoding=\"async\" class=\"  wp-image-1819 aligncenter\" src=\"https:\/\/mikrosystem.pl\/wp-content\/uploads\/2015\/01\/eKNF_main_screen.png\" alt=\"eKNF_main_screen\" width=\"909\" height=\"461\" srcset=\"https:\/\/mikrosystem.pl\/mikrosystem_www\/wp-content\/uploads\/2015\/01\/eKNF_main_screen.png 1183w, https:\/\/mikrosystem.pl\/mikrosystem_www\/wp-content\/uploads\/2015\/01\/eKNF_main_screen-300x152.png 300w, https:\/\/mikrosystem.pl\/mikrosystem_www\/wp-content\/uploads\/2015\/01\/eKNF_main_screen-1024x519.png 1024w\" sizes=\"auto, (max-width: 909px) 100vw, 909px\" \/><\/a><\/p>\n<p style=\"text-align: justify;\"><a title=\"G\u0142owne okno programu\" href=\"\/?page_id=1818\"><strong>G\u0142\u00f3wne okno programu<\/strong><\/a>:<\/p>\n<p style=\"padding-left: 30px; text-align: justify;\"><strong><em>G\u00f3rny pasek stanu:<\/em><\/strong><\/p>\n<ul style=\"text-align: justify;\">\n<li>Profil u\u017cytkownika<\/li>\n<li>Poczta<\/li>\n<li>Bie\u017c\u0105ca lokalizacja<\/li>\n<\/ul>\n<p style=\"padding-left: 30px; text-align: justify;\"><strong><em>Modu\u0142y:<\/em><\/strong><\/p>\n<ul>\n<li style=\"text-align: justify;\"><strong>CRM<\/strong> &#8211; Modu\u0142 zawieraj\u0105cy kalendarze indywidualne i grupowe, obs\u0142uguj\u0105cy zdarzenia i kontakty<\/li>\n<li style=\"text-align: justify;\"><a href=\"\/?page_id=2085\"><strong>Kancelaria<\/strong> &#8211; Modu\u0142 do pracy z dokumentami przychodz\u0105cymi (np: fakturami kosztowymi)<\/a><\/li>\n<li style=\"text-align: justify;\"><a href=\"\/?page_id=1870\"><strong>Sprzeda\u017c<\/strong> &#8211; Tworzenie i przegl\u0105danie dokument\u00f3w sprzeda\u017cowych, oraz kontrola p\u0142atno\u015bci<\/a><\/li>\n<li style=\"text-align: justify;\"><a href=\"https:\/\/mikrosystem.pl\/index.php\/pomoc\/eknf-instrukcja-obslugi\/eknf-glowne-okno-programu\/zamowienia\"><strong>Zam\u00f3wienia<\/strong> &#8211; Tworzenie i przegl\u0105danie Zam\u00f3wie\u0144. Fakturowanie zbiorcze z listy pozycji zam\u00f3wie\u0144.<\/a><\/li>\n<li style=\"text-align: justify;\"><strong>RGB<\/strong> &#8211; Modu\u0142 techniczny, przeznaczony do przegl\u0105dania danych \u017ar\u00f3d\u0142owych transakcji<\/li>\n<li style=\"text-align: justify;\"><strong>Produkty<\/strong> &#8211; Lista produkt\u00f3w i us\u0142ug, zarz\u0105dzanie Pakietami i Polami dodatkowymi<\/li>\n<li style=\"text-align: justify;\"><a href=\"\/?page_id=2194\"><strong>Klienci<\/strong> &#8211; Lista kontrahent\u00f3w: konfiguracja op\u0142at transakcyjnych, sposob\u00f3w fakturowania.<\/a><\/li>\n<li style=\"text-align: justify;\"><strong>Zlecenia<\/strong> &#8211; Lista zlece\u0144 od kontrahent\u00f3w: statusy i realizacja, powi\u0105zanie z Zam\u00f3wieniami<\/li>\n<li style=\"text-align: justify;\"><strong>Centrum<\/strong> Danych &#8211; Eksporty i importy danych do i z zewn\u0119trznych system\u00f3w (FK, MIS, etc.)<\/li>\n<li style=\"text-align: justify;\"><strong>ADesk<\/strong> &#8211; Ewidencja sprzeda\u017cy bilet\u00f3w lotniczych regularnych i tanich linii<\/li>\n<li style=\"text-align: justify;\"><strong>HTLDesk<\/strong> &#8211; Ewidencja sprzeda\u017cy us\u0142ug hotelowych<\/li>\n<li style=\"text-align: justify;\"><a href=\"\/?page_id=1929\"><strong>RDesk<\/strong> &#8211; Ewidencja sprzeda\u017cy bilet\u00f3w kolejowych<\/a><\/li>\n<li style=\"text-align: justify;\"><a href=\"\/?page_id=1915\"><strong>TDesk<\/strong> &#8211; Modu\u0142 rozlicze\u0144 imprez turystycznych<\/a><\/li>\n<li style=\"text-align: justify;\"><strong>Raporty<\/strong> &#8211; Modu\u0142 raportowy<\/li>\n<li style=\"text-align: justify;\"><a href=\"\/?page_id=2103\"><strong>Pasa\u017cerowie<\/strong> &#8211; Lokalizacja podr\u00f3\u017cnych, modu\u0142 komunikacji z podr\u00f3\u017cnymi<\/a><\/li>\n<li style=\"text-align: justify;\"><strong>Administracja<\/strong> &#8211; Konfiguracja systemu, grupy u\u017cytkownik\u00f3w, zarz\u0105dzanie zasobami<\/li>\n<\/ul>\n","protected":false},"excerpt":{"rendered":"<p>G\u0142\u00f3wne okno daje dost\u0119p do wszystkich zak\u0142adek dost\u0119pnych dla u\u017cytkownika. Widoczno\u015b\u0107 poszczeg\u00f3lnych zak\u0142adek zale\u017cy od uprawnie\u0144 (zasob\u00f3w) nadanych u\u017cytkownikowi przez Administratora. Domy\u015blna zak\u0142adka, kt\u00f3ra otwiera si\u0119 automatycznie po zalogowaniu, mo\u017ce by\u0107 okre\u015blona przez u\u017cytkownika w jego ustawieniach osobistych (na zdj\u0119ciu jest to ADesk &#8211; pulpit dedykowany do pracy z biletami lotniczymi) G\u0142\u00f3wne okno programu: G\u00f3rny &#8230; <a title=\"eKNF &#8211; G\u0142\u00f3wne okno programu\" class=\"read-more\" href=\"https:\/\/mikrosystem.pl\/index.php\/pomoc\/eknf-instrukcja-obslugi\/eknf-glowne-okno-programu\" aria-label=\"Dowiedz si\u0119 wi\u0119cej o eKNF &#8211; G\u0142\u00f3wne okno programu\">Read more<\/a><\/p>\n","protected":false},"author":5,"featured_media":0,"parent":1802,"menu_order":0,"comment_status":"open","ping_status":"open","template":"","meta":{"generate_page_header":"","footnotes":""},"class_list":{"0":"post-1818","1":"page","2":"type-page","3":"status-publish","5":"infinite-scroll-item"},"_links":{"self":[{"href":"https:\/\/mikrosystem.pl\/index.php\/wp-json\/wp\/v2\/pages\/1818","targetHints":{"allow":["GET"]}}],"collection":[{"href":"https:\/\/mikrosystem.pl\/index.php\/wp-json\/wp\/v2\/pages"}],"about":[{"href":"https:\/\/mikrosystem.pl\/index.php\/wp-json\/wp\/v2\/types\/page"}],"author":[{"embeddable":true,"href":"https:\/\/mikrosystem.pl\/index.php\/wp-json\/wp\/v2\/users\/5"}],"replies":[{"embeddable":true,"href":"https:\/\/mikrosystem.pl\/index.php\/wp-json\/wp\/v2\/comments?post=1818"}],"version-history":[{"count":12,"href":"https:\/\/mikrosystem.pl\/index.php\/wp-json\/wp\/v2\/pages\/1818\/revisions"}],"predecessor-version":[{"id":4360,"href":"https:\/\/mikrosystem.pl\/index.php\/wp-json\/wp\/v2\/pages\/1818\/revisions\/4360"}],"up":[{"embeddable":true,"href":"https:\/\/mikrosystem.pl\/index.php\/wp-json\/wp\/v2\/pages\/1802"}],"wp:attachment":[{"href":"https:\/\/mikrosystem.pl\/index.php\/wp-json\/wp\/v2\/media?parent=1818"}],"curies":[{"name":"wp","href":"https:\/\/api.w.org\/{rel}","templated":true}]}}