{"id":1813,"date":"2015-01-16T14:05:35","date_gmt":"2015-01-16T13:05:35","guid":{"rendered":"http:\/\/mikrosystem.pl\/?page_id=1813"},"modified":"2019-01-31T16:57:02","modified_gmt":"2019-01-31T15:57:02","slug":"eknf-logowanie","status":"publish","type":"page","link":"https:\/\/mikrosystem.pl\/index.php\/pomoc\/eknf-instrukcja-obslugi\/eknf-logowanie","title":{"rendered":"eKNF &#8211; Logowanie"},"content":{"rendered":"<p><strong>Adres:<\/strong> <a href=\"https:\/\/mikrosystem.pl\/wp-content\/uploads\/2015\/01\/login.png\"><img loading=\"lazy\" decoding=\"async\" class=\" size-full wp-image-1812 alignright\" src=\"https:\/\/mikrosystem.pl\/wp-content\/uploads\/2015\/01\/login.png\" alt=\"login\" width=\"342\" height=\"278\" srcset=\"https:\/\/mikrosystem.pl\/mikrosystem_www\/wp-content\/uploads\/2015\/01\/login.png 342w, https:\/\/mikrosystem.pl\/mikrosystem_www\/wp-content\/uploads\/2015\/01\/login-300x244.png 300w\" sizes=\"auto, (max-width: 342px) 100vw, 342px\" \/><\/a>Ka\u017cde biuro korzystaj\u0105ce z systemu eKNF ma nadany indywidualny adres URL przeznaczony do logowania: (na przyk\u0142ad: http:\/\/eknf.pl\/<em>nazwa_biura<\/em>)<\/p>\n<p>Je\u015bli nie znasz adresu URL swojej instancji eKNF, skontaktuj si\u0119 z naszym biurem.<\/p>\n<p><strong>Tw\u00f3j login:<\/strong> pierwsze trzy litery imienia + pierwsze trzy litery nazwiska (pisane ma\u0142ymi literami).<br \/>\nNa przyk\u0142ad: u\u017cytkownik Jan Kowalski, login: jankow<\/p>\n<p>Uwaga: podczas podawania nazwy i has\u0142a u\u017cytkownika pami\u0119taj, \u017ce wielko\u015b\u0107 liter ma znaczenie.<\/p>\n<p><strong>Si\u0142a has\u0142a:<\/strong> eKNF jest systemem dost\u0119pnym przez Internet, dlatego u\u017cywanie silnych hase\u0142 i utrzymywanie ich w sekrecie jest niezwykle istotne dla bezpiecze\u0144stwa. Zbyt proste has\u0142a mog\u0105 by\u0107 przyczyn\u0105 w\u0142amania i wycieku danych, w tym: danych osobowych (powa\u017cne naruszenie przepis\u00f3w o RODO podlegaj\u0105ce karze finansowej) lub danych kart kredytowych klient\u00f3w (naruszenie zasad PCI DSS o ochronie system\u00f3w przetwarzaj\u0105cych dane kart kredytowych klient\u00f3w)<\/p>\n<p>Ka\u017cdy u\u017cytkownik ma obowi\u0105zek pos\u0142ugiwa\u0107 si\u0119 wy\u0142\u0105cznie w\u0142asnym loginem. Hase\u0142 nie wolno udost\u0119pnia\u0107 innym u\u017cytkownikom eKNF.<\/p>\n<ul>\n<li>Nie zalecamy zapami\u0119tywania swoich hase\u0142 w przegl\u0105darce!<\/li>\n<li>Pami\u0119taj, aby stosowa\u0107 has\u0142a o d\u0142ugo\u015bci co najmniej 8 znak\u00f3w, zawieraj\u0105ce litery, cyfry, i znaki specjalne!<\/li>\n<li>Pami\u0119taj, aby blokowa\u0107 dost\u0119p do systemu u\u017cytkownikom zmieniaj\u0105cym miejsce pracy!<\/li>\n<\/ul>\n<p><strong>Je\u015bli nie pami\u0119tasz swojej nazwy u\u017cytkownika lub has\u0142a &#8211; <a title=\"Kontakt z Mikrosystemem\" href=\"\/?page_id=406\" target=\"_blank\" rel=\"noopener\">skontaktuj si\u0119 z naszym biurem<\/a><\/strong><\/p>\n<p>Po zalogowaniu eKNF przeniesie Ci\u0119 do g\u0142\u00f3wnego okna programu<\/p>\n","protected":false},"excerpt":{"rendered":"<p>Adres: Ka\u017cde biuro korzystaj\u0105ce z systemu eKNF ma nadany indywidualny adres URL przeznaczony do logowania: (na przyk\u0142ad: http:\/\/eknf.pl\/nazwa_biura) Je\u015bli nie znasz adresu URL swojej instancji eKNF, skontaktuj si\u0119 z naszym biurem. Tw\u00f3j login: pierwsze trzy litery imienia + pierwsze trzy litery nazwiska (pisane ma\u0142ymi literami). Na przyk\u0142ad: u\u017cytkownik Jan Kowalski, login: jankow Uwaga: podczas podawania &#8230; <a title=\"eKNF &#8211; Logowanie\" class=\"read-more\" href=\"https:\/\/mikrosystem.pl\/index.php\/pomoc\/eknf-instrukcja-obslugi\/eknf-logowanie\" aria-label=\"Dowiedz si\u0119 wi\u0119cej o eKNF &#8211; Logowanie\">Read more<\/a><\/p>\n","protected":false},"author":5,"featured_media":0,"parent":1802,"menu_order":0,"comment_status":"open","ping_status":"open","template":"","meta":{"generate_page_header":"","footnotes":""},"class_list":{"0":"post-1813","1":"page","2":"type-page","3":"status-publish","5":"infinite-scroll-item"},"_links":{"self":[{"href":"https:\/\/mikrosystem.pl\/index.php\/wp-json\/wp\/v2\/pages\/1813","targetHints":{"allow":["GET"]}}],"collection":[{"href":"https:\/\/mikrosystem.pl\/index.php\/wp-json\/wp\/v2\/pages"}],"about":[{"href":"https:\/\/mikrosystem.pl\/index.php\/wp-json\/wp\/v2\/types\/page"}],"author":[{"embeddable":true,"href":"https:\/\/mikrosystem.pl\/index.php\/wp-json\/wp\/v2\/users\/5"}],"replies":[{"embeddable":true,"href":"https:\/\/mikrosystem.pl\/index.php\/wp-json\/wp\/v2\/comments?post=1813"}],"version-history":[{"count":3,"href":"https:\/\/mikrosystem.pl\/index.php\/wp-json\/wp\/v2\/pages\/1813\/revisions"}],"predecessor-version":[{"id":4140,"href":"https:\/\/mikrosystem.pl\/index.php\/wp-json\/wp\/v2\/pages\/1813\/revisions\/4140"}],"up":[{"embeddable":true,"href":"https:\/\/mikrosystem.pl\/index.php\/wp-json\/wp\/v2\/pages\/1802"}],"wp:attachment":[{"href":"https:\/\/mikrosystem.pl\/index.php\/wp-json\/wp\/v2\/media?parent=1813"}],"curies":[{"name":"wp","href":"https:\/\/api.w.org\/{rel}","templated":true}]}}