{"id":1805,"date":"2015-01-16T13:03:30","date_gmt":"2015-01-16T12:03:30","guid":{"rendered":"http:\/\/mikrosystem.pl\/?page_id=1805"},"modified":"2015-01-16T13:47:15","modified_gmt":"2015-01-16T12:47:15","slug":"eknf-wymagania-techniczne","status":"publish","type":"page","link":"https:\/\/mikrosystem.pl\/index.php\/pomoc\/eknf-instrukcja-obslugi\/eknf-wymagania-techniczne","title":{"rendered":"eKNF &#8211; Wymagania techniczne"},"content":{"rendered":"<p><strong>Oprogramowanie:<\/strong><br \/>\neKNF jest przeznaczony do pracy w przegl\u0105darce internetowej.<br \/>\nPreferowan\u0105 przegl\u0105dark\u0105 jest <strong><a title=\"Pobierz program Mozilla Firefox\" href=\"https:\/\/www.mozilla.org\/pl\/firefox\/new\/?scene=2#download-fx\">Mozilla Firefox<\/a><\/strong>.<\/p>\n<p><strong>Automatyczne aktualizacje: <\/strong>Zalecamy w\u0142\u0105czenie automatycznych aktualizacji programu Mozilla Firefox. Sprawd\u017a, czy program jest aktualny klikaj\u0105c na: Pomoc -&gt;O programie Firefox<br \/>\n<strong>Wymagane wtyczki i rozszerzenia:<\/strong><\/p>\n<ul>\n<li>Java plug-in<\/li>\n<li>Shockwave Flash<\/li>\n<li>Adobe Acrobat (wtyczka dla programu Firefox)<\/li>\n<\/ul>\n<p><strong>Wyskakuj\u0105ce okienka:<\/strong> w\u0142\u0105cz obs\u0142ug\u0119 wyskakuj\u0105cych okienek<br \/>\nNarz\u0119dzia -&gt; Opcje -&gt;Tre\u015b\u0107,\u00a0 odznacz &#8220;Blokowanie wyskakuj\u0105cych okienek&#8221;<\/p>\n<p>&nbsp;<\/p>\n<p><strong>Obs\u0142uga plik\u00f3w PDF:<\/strong><\/p>\n<p>Narz\u0119dzia -&gt; Opcje -&gt; Aplikacje, W oknie wyszukiwania wpisz PDF, a nast\u0119pnie ustaw w kolumnie Akcja: Wtyczka Adobe Acrobat (w programie Firefox)<\/p>\n<p style=\"text-align: justify;\">\u00a0<a href=\"https:\/\/mikrosystem.pl\/wp-content\/uploads\/2014\/05\/firefox_print.png\"><img loading=\"lazy\" decoding=\"async\" class=\"size-full wp-image-1716\" src=\"https:\/\/mikrosystem.pl\/wp-content\/uploads\/2014\/05\/firefox_print.png\" alt=\"firefox_print\" width=\"588\" height=\"445\" srcset=\"https:\/\/mikrosystem.pl\/mikrosystem_www\/wp-content\/uploads\/2014\/05\/firefox_print.png 588w, https:\/\/mikrosystem.pl\/mikrosystem_www\/wp-content\/uploads\/2014\/05\/firefox_print-300x227.png 300w\" sizes=\"auto, (max-width: 588px) 100vw, 588px\" \/><\/a><\/p>\n<p><strong>Sprz\u0119t:<\/strong><br \/>\n<strong>Monitor:<\/strong> ze wzgl\u0119du na du\u017ce ilo\u015bci informacji wy\u015bwietlanych w postaci wielokolumnowych tabel, to pracy z eKNF zdecydowanie zalecane s\u0105 monitory panoramiczne (16:9).<br \/>\nPraca na monitorach starszego typu (o proporcjach ekranu 4:3) mo\u017ce si\u0119 wi\u0105za\u0107 z niedogodno\u015bciami w postaci ma\u0142ego rozmiaru czcionki, lub nak\u0142adania si\u0119 na siebie niekt\u00f3rych kontrolek.<\/p>\n<p><strong>Komputer:<\/strong> eKNF nie ma \u015bci\u015ble okre\u015blonych wymaga\u0144 sprz\u0119towych dotycz\u0105cych komputera na kt\u00f3rym jest uruchamiany.<\/p>\n","protected":false},"excerpt":{"rendered":"<p>Oprogramowanie: eKNF jest przeznaczony do pracy w przegl\u0105darce internetowej. Preferowan\u0105 przegl\u0105dark\u0105 jest Mozilla Firefox. Automatyczne aktualizacje: Zalecamy w\u0142\u0105czenie automatycznych aktualizacji programu Mozilla Firefox. Sprawd\u017a, czy program jest aktualny klikaj\u0105c na: Pomoc -&gt;O programie Firefox Wymagane wtyczki i rozszerzenia: Java plug-in Shockwave Flash Adobe Acrobat (wtyczka dla programu Firefox) Wyskakuj\u0105ce okienka: w\u0142\u0105cz obs\u0142ug\u0119 wyskakuj\u0105cych okienek Narz\u0119dzia &#8230; <a title=\"eKNF &#8211; Wymagania techniczne\" class=\"read-more\" href=\"https:\/\/mikrosystem.pl\/index.php\/pomoc\/eknf-instrukcja-obslugi\/eknf-wymagania-techniczne\" aria-label=\"Dowiedz si\u0119 wi\u0119cej o eKNF &#8211; Wymagania techniczne\">Read more<\/a><\/p>\n","protected":false},"author":5,"featured_media":0,"parent":1802,"menu_order":0,"comment_status":"open","ping_status":"open","template":"","meta":{"generate_page_header":"","footnotes":""},"class_list":{"0":"post-1805","1":"page","2":"type-page","3":"status-publish","5":"infinite-scroll-item"},"_links":{"self":[{"href":"https:\/\/mikrosystem.pl\/index.php\/wp-json\/wp\/v2\/pages\/1805","targetHints":{"allow":["GET"]}}],"collection":[{"href":"https:\/\/mikrosystem.pl\/index.php\/wp-json\/wp\/v2\/pages"}],"about":[{"href":"https:\/\/mikrosystem.pl\/index.php\/wp-json\/wp\/v2\/types\/page"}],"author":[{"embeddable":true,"href":"https:\/\/mikrosystem.pl\/index.php\/wp-json\/wp\/v2\/users\/5"}],"replies":[{"embeddable":true,"href":"https:\/\/mikrosystem.pl\/index.php\/wp-json\/wp\/v2\/comments?post=1805"}],"version-history":[{"count":5,"href":"https:\/\/mikrosystem.pl\/index.php\/wp-json\/wp\/v2\/pages\/1805\/revisions"}],"predecessor-version":[{"id":1807,"href":"https:\/\/mikrosystem.pl\/index.php\/wp-json\/wp\/v2\/pages\/1805\/revisions\/1807"}],"up":[{"embeddable":true,"href":"https:\/\/mikrosystem.pl\/index.php\/wp-json\/wp\/v2\/pages\/1802"}],"wp:attachment":[{"href":"https:\/\/mikrosystem.pl\/index.php\/wp-json\/wp\/v2\/media?parent=1805"}],"curies":[{"name":"wp","href":"https:\/\/api.w.org\/{rel}","templated":true}]}}