{"id":1802,"date":"2015-01-16T12:27:29","date_gmt":"2015-01-16T11:27:29","guid":{"rendered":"http:\/\/mikrosystem.pl\/?page_id=1802"},"modified":"2026-03-15T08:51:36","modified_gmt":"2026-03-15T07:51:36","slug":"eknf-instrukcja-obslugi","status":"publish","type":"page","link":"https:\/\/mikrosystem.pl\/index.php\/pomoc\/eknf-instrukcja-obslugi","title":{"rendered":"eKNF &#8211; Instrukcja obs\u0142ugi"},"content":{"rendered":"<p><strong><a href=\"https:\/\/mikrosystem.pl\/index.php\/pomoc\/eknf-instrukcja-obslugi\/kontakt-z-opiekunem-klienta-i-pomoc-techniczna\">Kontakt z opiekunem klienta i pomoc techniczna<\/a><\/strong><\/p>\n\n\n\n<p><strong><a href=\"\/?page_id=1805\">Przeznaczenie i mo\u017cliwo\u015bci systemu eKNF<\/a><\/strong><\/p>\n\n\n\n<p><strong><a href=\"\/?page_id=1805\">Wymagania techniczne<\/a><\/strong><\/p>\n\n\n\n<p><strong><a title=\"Logowanie\" href=\"\/?page_id=1813\">Logowanie<\/a><\/strong><\/p>\n\n\n\n<p><strong><a href=\"https:\/\/mikrosystem.pl\/index.php\/pomoc\/eknf-instrukcja-obslugi\/edycja-profilu-uzytkownika\">Edycja profilu u\u017cytkownika<\/a><\/strong><\/p>\n\n\n\n<p><a title=\"G\u0142owne okno programu\" href=\"\/?page_id=1818\"><strong>Opis funkcjonalny modu\u0142\u00f3w eKNF i g\u0142\u00f3wne okno programu<\/strong><\/a><\/p>\n\n\n\n<ul class=\"wp-block-list\">\n<li><strong>CRM<\/strong> &#8211; Modu\u0142 zawieraj\u0105cy kalendarze indywidualne i grupowe, obs\u0142uguj\u0105cy zdarzenia i kontakty<\/li>\n\n\n\n<li><a href=\"\/?page_id=2085\"><strong>Kancelaria<\/strong> &#8211; Modu\u0142 do pracy z dokumentami przychodz\u0105cymi (np: fakturami kosztowymi)<\/a><\/li>\n\n\n\n<li><a href=\"\/?page_id=1870\"><strong>Sprzeda\u017c<\/strong> &#8211; Tworzenie i przegl\u0105danie dokument\u00f3w sprzeda\u017cowych, oraz kontrola p\u0142atno\u015bci<\/a><\/li>\n\n\n\n<li><a href=\"https:\/\/mikrosystem.pl\/index.php\/pomoc\/eknf-instrukcja-obslugi\/eknf-glowne-okno-programu\/zamowienia\"><strong>Zam\u00f3wienia<\/strong> &#8211; Tworzenie i przegl\u0105danie Zam\u00f3wie\u0144. Fakturowanie zbiorcze z listy pozycji zam\u00f3wie\u0144.<\/a><\/li>\n\n\n\n<li><strong>RGB<\/strong> &#8211; Modu\u0142 techniczny, przeznaczony do przegl\u0105dania danych \u017ar\u00f3d\u0142owych transakcji<\/li>\n\n\n\n<li><a href=\"https:\/\/mikrosystem.pl\/index.php\/pomoc\/eknf-instrukcja-obslugi\/eknf-glowne-okno-programu\/produkty-zarzadzanie-katalogiem-produktow-pakietow-pol-dodatkowych-i-ogolna-polityka-oplat\"><strong>Produkty<\/strong> &#8211; Lista produkt\u00f3w i us\u0142ug, zarz\u0105dzanie Pakietami i Polami dodatkowymi<\/a><\/li>\n\n\n\n<li><a href=\"\/?page_id=2194\"><strong>Klienci<\/strong> &#8211; Lista kontrahent\u00f3w: konfiguracja op\u0142at transakcyjnych, sposob\u00f3w fakturowania.<\/a><\/li>\n\n\n\n<li><strong>Zlecenia<\/strong> &#8211; Lista zlece\u0144 od kontrahent\u00f3w: statusy i realizacja, powi\u0105zanie z Zam\u00f3wieniami<\/li>\n\n\n\n<li><a href=\"https:\/\/mikrosystem.pl\/index.php\/pomoc\/eknf-instrukcja-obslugi\/eknf-glowne-okno-programu\/centrum-danych\"><strong>Centrum<\/strong> Danych &#8211; Eksporty i importy danych do i z zewn\u0119trznych system\u00f3w (FK, MIS, etc.)<\/a><\/li>\n\n\n\n<li><a href=\"https:\/\/mikrosystem.pl\/index.php\/pomoc\/eknf-instrukcja-obslugi\/eknf-glowne-okno-programu\/adesk\"><strong>ADesk<\/strong> &#8211; Ewidencja sprzeda\u017cy bilet\u00f3w lotniczych regularnych i tanich linii<\/a><\/li>\n\n\n\n<li><a href=\"https:\/\/mikrosystem.pl\/index.php\/pomoc\/eknf-instrukcja-obslugi\/eknf-glowne-okno-programu\/english-hotel-desktop-ewidencjonowanie-i-rozliczanie-rezerwacji-hotelowych\"><strong>HTLDesk<\/strong> &#8211; Ewidencja sprzeda\u017cy us\u0142ug hotelowych<\/a><\/li>\n\n\n\n<li><a href=\"https:\/\/mikrosystem.pl\/index.php\/pomoc\/eknf-instrukcja-obslugi\/eknf-glowne-okno-programu\/mdesk-obsluga-imprez-eventow-i-konferencji-mice\"><strong>MDesk<\/strong> &#8211; Ewidencja imprez, event\u00f3w, i konferencji (MICE)<\/a><\/li>\n\n\n\n<li><a href=\"\/?page_id=1929\"><strong>RDesk<\/strong> &#8211; Ewidencja sprzeda\u017cy bilet\u00f3w kolejowych<\/a><\/li>\n\n\n\n<li><a href=\"\/?page_id=1915\"><strong>TDesk<\/strong> &#8211; Modu\u0142 rozlicze\u0144 imprez turystycznych<\/a><\/li>\n\n\n\n<li><a href=\"https:\/\/mikrosystem.pl\/index.php\/pomoc\/eknf-instrukcja-obslugi\/eknf-glowne-okno-programu\/raporty\"><strong>Raporty<\/strong> &#8211; Modu\u0142 raportowy<\/a><\/li>\n\n\n\n<li><a href=\"https:\/\/mikrosystem.pl\/index.php\/pomoc\/eknf-instrukcja-obslugi\/eknf-glowne-okno-programu\/lokalizacja-podroznych\"><strong>Podr\u00f3\u017cni &#8211; <\/strong>Lokalizator podr\u00f3\u017cnych<\/a><strong><br><\/strong><\/li>\n\n\n\n<li><strong>Administracja<\/strong><\/li>\n<\/ul>\n\n\n\n<p><strong>Lista najwa\u017cniejszych funkcji:<\/strong><\/p>\n\n\n\n<p><strong><a href=\"https:\/\/mikrosystem.pl\/index.php\/pomoc\/eknf-instrukcja-obslugi\/fakturowanie\">Fakturowanie:<\/a><\/strong><\/p>\n\n\n\n<ul class=\"wp-block-list\">\n<li><a href=\"\/?page_id=1846\">Fakturowanie bilet\u00f3w lotniczych regularnych i tanich linii (z ADesku)<\/a><br><a href=\"\/?page_id=1846\">&#8211;&nbsp; Fakturowanie pojedynczego biletu<\/a><br><a href=\"\/?page_id=1854\">&#8211;&nbsp; Fakturowanie wielu bilet\u00f3w<br><\/a><a href=\"\/?page_id=2432\">&#8211;&nbsp; Fakturowanie bilet\u00f3w lotniczych i op\u0142at serwisowych <span style=\"text-decoration: underline;\">na oddzielnych dokumentach<br><\/span><\/a><a href=\"https:\/\/mikrosystem.pl\/index.php\/pomoc\/eknf-instrukcja-obslugi\/wystawianie-korekty-faktury-ze-zwrotu-gds\">&#8211;&nbsp; Wystawianie korekty faktury ze zwrotu z GDS<\/a><br><a href=\"https:\/\/mikrosystem.pl\/index.php\/pomoc\/eknf-instrukcja-obslugi\/jak-wystawic-korekte-faktury-ze-zwrotu-ktory-nie-przeszedl-automatycznie-z-gds\">&#8211;&nbsp; Fakturowanie zwrotu biletu dodanego r\u0119cznie (bez danych o zwrocie z GDS)<\/a><br>&#8211;&nbsp; <a href=\"https:\/\/mikrosystem.pl\/?p=3100\">Fakturowanie op\u0142at transakcyjnych za zwrot biletu na nowej fakturze sprzeda\u017cowej<br><\/a>&#8211;&nbsp; <a href=\"https:\/\/mikrosystem.pl\/index.php\/pomoc\/eknf-instrukcja-obslugi\/fakturowanie-zwrotow-przy-fakturze-zgrupowanej-trwale\">Fakturowanie zwrot\u00f3w przy fakturze zgrupowanej trwale<\/a><br>&#8211;&nbsp; <a href=\"https:\/\/mikrosystem.pl\/index.php\/pomoc\/eknf-instrukcja-obslugi\/ponowne-fakturowanie-tego-samego-biletu\">Ponowne fakturowanie tego samego biletu<\/a><\/li>\n\n\n\n<li><a href=\"\/?page_id=1914\">Fakturowanie bilet\u00f3w kolejowych (z RDesku)<\/a><\/li>\n\n\n\n<li><a href=\"https:\/\/mikrosystem.pl\/index.php\/pomoc\/eknf-instrukcja-obslugi\/eknf-glowne-okno-programu\/english-hotel-desktop-ewidencjonowanie-i-rozliczanie-rezerwacji-hotelowych\/fakturowanie-hoteli\">Fakturowanie hoteli (z HTLDesku)<\/a><\/li>\n\n\n\n<li><a href=\"\/?page_id=2473\">Fakturowanie imprez turystycznych (z TDesku)<\/a><\/li>\n\n\n\n<li><a href=\"\/?page_id=1877\">Fakturowanie innych typ\u00f3w towar\u00f3w i us\u0142ug (z modu\u0142u Sprzeda\u017c)<\/a><\/li>\n\n\n\n<li><a href=\"https:\/\/mikrosystem.pl\/index.php\/pomoc\/eknf-instrukcja-obslugi\/eknf-glowne-okno-programu\/sprzedaz-tworzenie-i-przegladanie-dokumentow-sprzedazowych\/funkcje-dostepne-w-oknie-tworzenia-i-edycji-faktur\">Funkcje dost\u0119pne w oknie edycji faktury<\/a><\/li>\n\n\n\n<li><a href=\"\/?page_id=2165\">Faktury w angielskiej wersji j\u0119zykowej<\/a><\/li>\n\n\n\n<li><a href=\"https:\/\/mikrosystem.pl\/index.php\/pomoc\/eknf-instrukcja-obslugi\/eknf-glowne-okno-programu\/sprzedaz-tworzenie-i-przegladanie-dokumentow-sprzedazowych\/rodzaje-dokumentow-i-sposoby-fakturowania-dostepne-w-eknf\/faktury-reverse-charge\">Faktury &#8216;Reverse charge&#8217;<\/a><\/li>\n\n\n\n<li><a href=\"https:\/\/mikrosystem.pl\/index.php\/pomoc\/eknf-instrukcja-obslugi\/eknf-glowne-okno-programu\/sprzedaz-tworzenie-i-przegladanie-dokumentow-sprzedazowych\/automatyczne-wystawianie-faktur-prowizyjnych-na-linie-lotnicze\">Automatyczne generowanie faktur prowizyjnych na linie lotnicze<\/a><\/li>\n\n\n\n<li><a href=\"https:\/\/mikrosystem.pl\/index.php\/pomoc\/eknf-instrukcja-obslugi\/eknf-glowne-okno-programu\/sprzedaz-tworzenie-i-przegladanie-dokumentow-sprzedazowych\/zamykanie-miesiaca\">Zamykanie miesi\u0105ca<\/a><\/li>\n\n\n\n<li><strong><a href=\"https:\/\/mikrosystem.pl\/index.php\/pomoc\/eknf-instrukcja-obslugi\/eknf-glowne-okno-programu\/sprzedaz-tworzenie-i-przegladanie-dokumentow-sprzedazowych\/faktury-czesto-zadawane-pytania\">Faktury &#8211; cz\u0119sto zadawane pytania<\/a><\/strong><\/li>\n<\/ul>\n\n\n\n<p><a href=\"https:\/\/mikrosystem.pl\/?page_id=1912\">Fakturowanie zbiorcze (z Listy pozycji zam\u00f3wie\u0144)<\/a><\/p>\n\n\n\n<p><a href=\"https:\/\/mikrosystem.pl\/?p=3187\">Korekty faktur<\/a><\/p>\n\n\n\n<p><a href=\"\/?page_id=1906\">Paragony fiskalne, wsp\u00f3\u0142praca z drukarkami fiskalnymi<\/a><\/p>\n\n\n\n<p><a href=\"\/?page_id=1939\">Dokumenty Kasa Przyjmie \/ Kasa Wyda &#8211; tworzenie i wi\u0105zanie z fakturami<\/a><\/p>\n\n\n\n<p><a href=\"\/?page_id=1957\">P\u0142atno\u015bci: wprowadzanie, edycja, kontrola zaleg\u0142o\u015bci w p\u0142atno\u015bciach<\/a><\/p>\n\n\n\n<p>Zam\u00f3wienia: tworzenie i edytowanie<\/p>\n\n\n\n<p><a href=\"\/?page_id=1899\">Dokumenty sprzeda\u017cy: edytowanie, usuwanie, anulowanie, wydruku, i przesy\u0142anie mailem<\/a><\/p>\n\n\n\n<p><a href=\"https:\/\/mikrosystem.pl\/index.php\/pomoc\/ksef\">Krajowy System e-Faktur (KSeF)<\/a><\/p>\n\n\n\n<p><strong>Raportowanie:<\/strong><\/p>\n\n\n\n<ul class=\"wp-block-list\">\n<li>Raporty sprzeda\u017cowe &#8211; og\u00f3lne\n<ul class=\"wp-block-list\">\n<li><a href=\"\/?page_id=2059\">Raport Kasowy<\/a><\/li>\n\n\n\n<li><a href=\"\/?page_id=2066\">Lista dokument\u00f3w sprzeda\u017cy<\/a><\/li>\n\n\n\n<li><a href=\"\/?page_id=2118\">Zestawienie sprzeda\u017cy us\u0142ug<\/a><\/li>\n\n\n\n<li><a href=\"\/?page_id=2113\">Raport opodatkowania mar\u017cy<\/a><\/li>\n<\/ul>\n<\/li>\n\n\n\n<li>Raporty Lotnicze\n<ul class=\"wp-block-list\">\n<li><a href=\"\/?page_id=2078\">Raport z pracy kasjera lotniczego (z podzia\u0142em na linie)<\/a><\/li>\n\n\n\n<li><a href=\"\/?page_id=2124\">G\u0142\u00f3wne destynacje lotnicze<\/a><\/li>\n\n\n\n<li><a href=\"\/?page_id=2132\">Raport o portach docelowych<\/a><\/li>\n\n\n\n<li><a href=\"https:\/\/mikrosystem.pl\/index.php\/pomoc\/eknf-instrukcja-obslugi\/raport-ewidencja-biletow-lotniczych-bsp\">Raport Ewidencja bilet\u00f3w lotniczych (BSP)<\/a><\/li>\n<\/ul>\n<\/li>\n\n\n\n<li>Raporty kolejowe\n<ul class=\"wp-block-list\">\n<li><a href=\"https:\/\/mikrosystem.pl\/index.php\/pomoc\/eknf-instrukcja-obslugi\/eknf-glowne-okno-programu\/rdesk\/weryfikacja-sprzedazy-biletow-pkp-ic-automatycznie-porownanie-z-raportem-pkp-ic\">Raport por\u00f3wnawczy PKP IC &#8211; eKNF<\/a><\/li>\n<\/ul>\n<\/li>\n\n\n\n<li>Raporty dla zewn\u0119trznych podmiot\u00f3w\n<ul class=\"wp-block-list\">\n<li><a href=\"https:\/\/mikrosystem.pl\/index.php\/pomoc\/eknf-instrukcja-obslugi\/eknf-glowne-okno-programu\/raporty\/turystyczny-fundusz-gwarancyjny\">Turystyczny Fundusz Gwarancyjny<\/a><\/li>\n<\/ul>\n<\/li>\n\n\n\n<li><a href=\"https:\/\/mikrosystem.pl\/index.php\/pomoc\/eknf-instrukcja-obslugi\/emisja-co2\">Raportowanie emisji CO2<\/a><\/li>\n<\/ul>\n\n\n\n<p><a href=\"https:\/\/mikrosystem.pl\/index.php\/pomoc\/eknf-instrukcja-obslugi\/eknf-glowne-okno-programu\/dane-klienta-edycja\">Edycja danych klient\u00f3w<\/a><\/p>\n\n\n\n<p><a href=\"\/?page_id=2323\">Edycja katalogu towar\u00f3w i us\u0142ug<\/a><\/p>\n\n\n\n<p><a href=\"\/?page_id=2341\">Edycja polityki op\u0142at transakcyjnych<\/a><\/p>\n\n\n\n<p><a href=\"\/?page_id=2148\">Edycja p\u00f3l dodatkowych i ich widoczno\u015bci na fakturze<\/a><\/p>\n\n\n\n<p><strong><a href=\"\/?page_id=2274\">Dost\u0119p do wybranych funkcji eKNF przeznaczony dla klient\u00f3w biura podr\u00f3\u017cy<\/a><\/strong><\/p>\n\n\n\n<ul class=\"wp-block-list\">\n<li><a href=\"\/?page_id=2285\">Dost\u0119p do swoich faktur f formacie PDF<\/a><\/li>\n\n\n\n<li><a href=\"\/?page_id=2305\">Dost\u0119p do wybranych raport\u00f3w<\/a><\/li>\n\n\n\n<li><a href=\"\/?page_id=2290\">Sk\u0142adanie zlece\u0144 on-line<\/a><\/li>\n\n\n\n<li><a href=\"\/?page_id=2103\">Lokalizator podr\u00f3\u017cnych<\/a><\/li>\n<\/ul>\n\n\n\n<p><strong>Eksport i import danych z zewn\u0119trznych system\u00f3w:<\/strong><\/p>\n\n\n\n<ul class=\"wp-block-list\">\n<li><a href=\"\/?page_id=1969\">Eksport danych do systemu finansowo ksi\u0119gowego Symfonia: konfiguracja i przesy\u0142anie danych<\/a><\/li>\n\n\n\n<li><a href=\"\/?page_id=1990\">Eksport danych do AMEX BTA<\/a><\/li>\n\n\n\n<li><a href=\"\/?page_id=2138\">Eksport danych do iBANK \/ Client BANK<\/a><\/li>\n\n\n\n<li><a href=\"https:\/\/mikrosystem.pl\/index.php\/pomoc\/eknf-instrukcja-obslugi\/eknf-glowne-okno-programu\/centrum-danych\/eksport-danych-do-lufthansa-air-plus\">Eksport Danych do Luthansa Air +<\/a><\/li>\n\n\n\n<li><a href=\"https:\/\/mikrosystem.pl\/index.php\/pomoc\/eknf-instrukcja-obslugi\/eksport-danych-do-gems\">Eksport danych do GEMS<\/a><\/li>\n\n\n\n<li><a href=\"https:\/\/mikrosystem.pl\/index.php\/nowosci\/eksport-danych-do-zewnetrznych-systemow\/generowanie-rejestru-faktur-wystawionych-w-imieniu-i-na-rzecz-pll-lot\">Generowanie rejestru faktur wystawionych w imieniu i na rzecz PLL LOT<\/a><\/li>\n\n\n\n<li><a href=\"https:\/\/mikrosystem.pl\/index.php\/nowosci\/eksport-danych-do-zewnetrznych-systemow\/generowanie-pliku-jpk-fa-wedlug-wymagan-ministerstwa-finansow\">Generowanie pliku JPK FA &#8211; wed\u0142ug wymaga\u0144 Ministerstwa Finans\u00f3w<\/a><\/li>\n\n\n\n<li><a href=\"\/?page_id=1975\">Import danych BSP<\/a><\/li>\n\n\n\n<li><a href=\"https:\/\/mikrosystem.pl\/index.php\/pomoc\/eknf-instrukcja-obslugi\/eknf-glowne-okno-programu\/centrum-danych\/amadeus-import-raportow-dziennych\">Import raport\u00f3w dziennych (lub tygodniowych) z Amadeusa<\/a><\/li>\n\n\n\n<li><a href=\"https:\/\/mikrosystem.pl\/index.php\/pomoc\/reczny-import-danych-z-systemow-rezerwacyjnych-gds\">R\u0119czny import danych pochodz\u0105cych z GDS do eKNF<\/a><\/li>\n\n\n\n<li><a href=\"https:\/\/mikrosystem.pl\/index.php\/pomoc\/eknf-instrukcja-obslugi\/przesylanie-rezerwacji-i-biletow-do-eknf-droga-mailowa\">Przesy\u0142anie bilet\u00f3w i rezerwacji do eKNF drog\u0105 mailow\u0105<\/a><\/li>\n<\/ul>\n\n\n\n<p><a href=\"https:\/\/mikrosystem.pl\/index.php\/pomoc\/eknf-instrukcja-obslugi\/funkcje-administracyjne\"><strong>Funkcje administracyjne:<\/strong><\/a><\/p>\n\n\n\n<ul class=\"wp-block-list\">\n<li><a href=\"https:\/\/mikrosystem.pl\/index.php\/pomoc\/eknf-instrukcja-obslugi\/funkcje-administracyjne\/adesk-2\">ADesk<\/a><\/li>\n\n\n\n<li><a href=\"https:\/\/mikrosystem.pl\/index.php\/pomoc\/eknf-instrukcja-obslugi\/funkcje-administracyjne\/hdesk\">HDesk<\/a><\/li>\n\n\n\n<li>MDesk<\/li>\n\n\n\n<li><a href=\"https:\/\/mikrosystem.pl\/index.php\/pomoc\/eknf-instrukcja-obslugi\/funkcje-administracyjne\/rdesk-konfiguracja\">RDesk<\/a><\/li>\n\n\n\n<li>TDesk<\/li>\n\n\n\n<li><a href=\"\/?page_id=2264\">Tworzenie i zarz\u0105dzanie u\u017cytkownikami<\/a><\/li>\n\n\n\n<li>Edycja uprawnie\u0144 i dost\u0119pu do zasob\u00f3w<\/li>\n\n\n\n<li><a href=\"\/?page_id=2452\">Przesy\u0142anie faktur email&#8217;em &#8211; definiowanie szablon\u00f3w wiadomo\u015bci<\/a><\/li>\n\n\n\n<li><a href=\"\/?page_id=2549\">\u0141\u0105czenie zdublowanych klient\u00f3w<\/a><\/li>\n\n\n\n<li><a href=\"https:\/\/mikrosystem.pl\/index.php\/pomoc\/eknf-instrukcja-obslugi\/funkcje-administracyjne\/sledzenie-zmian-i-historii-usunietych-dokumentow\">\u015aledzenie zmian i historii usuni\u0119tych dokument\u00f3w<\/a><\/li>\n\n\n\n<li><a href=\"https:\/\/mikrosystem.pl\/index.php\/pomoc\/eknf-instrukcja-obslugi\/funkcje-administracyjne\/opis-i-znaczenie-wybranych-zmiennych-konfiguracyjnych-majacych-wplyw-na-dzialanie-programu\">Opis i znaczenie wybranych zmiennych konfiguracyjnych, maj\u0105cych wp\u0142yw na dzia\u0142anie programu<\/a><\/li>\n\n\n\n<li><a href=\"https:\/\/mikrosystem.pl\/index.php\/pomoc\/eknf-instrukcja-obslugi\/funkcje-administracyjne\/konfiguracja-raportowania\">Konfiguracja raportowania<\/a><\/li>\n<\/ul>\n\n\n\n<p><a href=\"https:\/\/mikrosystem.pl\/index.php\/pomoc\/eknf-instrukcja-obslugi\/rozwiazywanie-typowych-problemow-technicznych\"><strong>Rozwi\u0105zywanie typowych problem\u00f3w<\/strong><\/a><\/p>\n\n\n\n<p><a href=\"https:\/\/mikrosystem.pl\/index.php\/pomoc\/slownik-skrotow-terminow-i-okreslen-branzowych-wykorzystywanych-przez-mikrosystem-i-w-systemie-eknf\" data-type=\"page\" data-id=\"6325\">S\u0142ownik skr\u00f3t\u00f3w, termin\u00f3w i okre\u015ble\u0144 bran\u017cowych wykorzystywanych przez Mikrosystem i w systemie eKNF<\/a><\/p>\n\n\n\n<p><a href=\"https:\/\/mikrosystem.pl\/index.php\/pomoc\/privacy-and-data-protection-notice\"><strong>Informacje dotycz\u0105ce przetwarzania i ochrony danych<\/strong><\/a><\/p>\n\n\n\n<p>&nbsp;<\/p>","protected":false},"excerpt":{"rendered":"<p>Kontakt z opiekunem klienta i pomoc techniczna Przeznaczenie i mo\u017cliwo\u015bci systemu eKNF Wymagania techniczne Logowanie Edycja profilu u\u017cytkownika Opis funkcjonalny modu\u0142\u00f3w eKNF i g\u0142\u00f3wne okno programu Lista najwa\u017cniejszych funkcji: Fakturowanie: Fakturowanie zbiorcze (z Listy pozycji zam\u00f3wie\u0144) Korekty faktur Paragony fiskalne, wsp\u00f3\u0142praca z drukarkami fiskalnymi Dokumenty Kasa Przyjmie \/ Kasa Wyda &#8211; tworzenie i wi\u0105zanie z &#8230; <a title=\"eKNF &#8211; Instrukcja obs\u0142ugi\" class=\"read-more\" href=\"https:\/\/mikrosystem.pl\/index.php\/pomoc\/eknf-instrukcja-obslugi\" aria-label=\"Dowiedz si\u0119 wi\u0119cej o eKNF &#8211; Instrukcja obs\u0142ugi\">Read more<\/a><\/p>\n","protected":false},"author":5,"featured_media":0,"parent":1792,"menu_order":0,"comment_status":"closed","ping_status":"closed","template":"","meta":{"generate_page_header":"","footnotes":""},"class_list":{"0":"post-1802","1":"page","2":"type-page","3":"status-publish","5":"infinite-scroll-item"},"_links":{"self":[{"href":"https:\/\/mikrosystem.pl\/index.php\/wp-json\/wp\/v2\/pages\/1802","targetHints":{"allow":["GET"]}}],"collection":[{"href":"https:\/\/mikrosystem.pl\/index.php\/wp-json\/wp\/v2\/pages"}],"about":[{"href":"https:\/\/mikrosystem.pl\/index.php\/wp-json\/wp\/v2\/types\/page"}],"author":[{"embeddable":true,"href":"https:\/\/mikrosystem.pl\/index.php\/wp-json\/wp\/v2\/users\/5"}],"replies":[{"embeddable":true,"href":"https:\/\/mikrosystem.pl\/index.php\/wp-json\/wp\/v2\/comments?post=1802"}],"version-history":[{"count":150,"href":"https:\/\/mikrosystem.pl\/index.php\/wp-json\/wp\/v2\/pages\/1802\/revisions"}],"predecessor-version":[{"id":6355,"href":"https:\/\/mikrosystem.pl\/index.php\/wp-json\/wp\/v2\/pages\/1802\/revisions\/6355"}],"up":[{"embeddable":true,"href":"https:\/\/mikrosystem.pl\/index.php\/wp-json\/wp\/v2\/pages\/1792"}],"wp:attachment":[{"href":"https:\/\/mikrosystem.pl\/index.php\/wp-json\/wp\/v2\/media?parent=1802"}],"curies":[{"name":"wp","href":"https:\/\/api.w.org\/{rel}","templated":true}]}}