{"id":1792,"date":"2015-01-16T11:53:42","date_gmt":"2015-01-16T10:53:42","guid":{"rendered":"http:\/\/mikrosystem.pl\/?page_id=1792"},"modified":"2026-03-15T08:11:12","modified_gmt":"2026-03-15T07:11:12","slug":"pomoc","status":"publish","type":"page","link":"https:\/\/mikrosystem.pl\/index.php\/pomoc","title":{"rendered":"Pomoc"},"content":{"rendered":"<p><\/p>\n\n\n\n<figure class=\"wp-block-table\"><table class=\"has-fixed-layout\"><tbody><tr><td class=\"has-text-align-center\" data-align=\"center\"><a href=\"https:\/\/mikrosystem.pl\/index.php\/pomoc\/eknf-instrukcja-obslugi\" data-type=\"page\" data-id=\"1802\"><strong>eKNF \u2013 Instrukcja obs\u0142ugi<\/strong><\/a><\/td><td class=\"has-text-align-center\" data-align=\"center\"><a href=\"https:\/\/mikrosystem.pl\/index.php\/pomoc\/ksef\" data-type=\"page\" data-id=\"5455\"><strong>KSeF &#8211; Krajowy System e-Faktur, dost\u0119p i konfiguracja w eKNF<\/strong><\/a><\/td><\/tr><tr><td class=\"has-text-align-center\" data-align=\"center\"><a href=\"https:\/\/mikrosystem.pl\/index.php\/pomoc\/eknf-czesto-zadawane-pytania-faq\" data-type=\"page\" data-id=\"6087\">eKNF &#8211; Cz\u0119sto zadawane pytania (FAQ)<\/a><\/td><td class=\"has-text-align-center\" data-align=\"center\"><a href=\"https:\/\/mikrosystem.pl\/index.php\/pomoc\/ksef-czesto-zadawane-pytania-faq\" data-type=\"page\" data-id=\"6091\">KSeF &#8211; Cz\u0119sto zadawane pytania (FAQ)<\/a><\/td><\/tr><tr><td class=\"has-text-align-center\" data-align=\"center\"><a href=\"https:\/\/mikrosystem.pl\/index.php\/pomoc\/retencja-danych-w-eknf\" data-type=\"page\" data-id=\"6172\">eKNF &#8211; Zasady retencji danych<\/a><\/td><td class=\"has-text-align-center\" data-align=\"center\"><a href=\"https:\/\/ksef.podatki.gov.pl\/media\/cark5buy\/podrecznik-ksef-20-czesc-ii-wystawianie-i-otrzymywanie-faktur-w-ksef-19022026.pdf\">Podr\u0119cznik KSeF 2.0 cz\u0119\u015b\u0107 II. Wystawianie i otrzymywanie faktur w KSeF<\/a><\/td><\/tr><tr><td class=\"has-text-align-center\" data-align=\"center\"><a href=\"https:\/\/mikrosystem.pl\/index.php\/pomoc\/mikrosystem-polityka-prywatnosci-i-bezpieczenstwa-danych\" data-type=\"page\" data-id=\"6177\">eKNF &#8211; Polityka prywatno\u015bci i bezpiecze\u0144stwa danych<\/a><\/td><td class=\"has-text-align-center\" data-align=\"center\"><\/td><\/tr><\/tbody><\/table><\/figure>\n\n\n\n<p><\/p>\n\n\n\n<p><\/p>","protected":false},"excerpt":{"rendered":"<p>eKNF \u2013 Instrukcja obs\u0142ugi KSeF &#8211; Krajowy System e-Faktur, dost\u0119p i konfiguracja w eKNF eKNF &#8211; Cz\u0119sto zadawane pytania (FAQ) KSeF &#8211; Cz\u0119sto zadawane pytania (FAQ) eKNF &#8211; Zasady retencji danych Podr\u0119cznik KSeF 2.0 cz\u0119\u015b\u0107 II. Wystawianie i otrzymywanie faktur w KSeF eKNF &#8211; Polityka prywatno\u015bci i bezpiecze\u0144stwa danych<\/p>\n","protected":false},"author":5,"featured_media":0,"parent":0,"menu_order":6,"comment_status":"closed","ping_status":"closed","template":"","meta":{"generate_page_header":"","footnotes":""},"class_list":{"0":"post-1792","1":"page","2":"type-page","3":"status-publish","5":"infinite-scroll-item"},"_links":{"self":[{"href":"https:\/\/mikrosystem.pl\/index.php\/wp-json\/wp\/v2\/pages\/1792","targetHints":{"allow":["GET"]}}],"collection":[{"href":"https:\/\/mikrosystem.pl\/index.php\/wp-json\/wp\/v2\/pages"}],"about":[{"href":"https:\/\/mikrosystem.pl\/index.php\/wp-json\/wp\/v2\/types\/page"}],"author":[{"embeddable":true,"href":"https:\/\/mikrosystem.pl\/index.php\/wp-json\/wp\/v2\/users\/5"}],"replies":[{"embeddable":true,"href":"https:\/\/mikrosystem.pl\/index.php\/wp-json\/wp\/v2\/comments?post=1792"}],"version-history":[{"count":36,"href":"https:\/\/mikrosystem.pl\/index.php\/wp-json\/wp\/v2\/pages\/1792\/revisions"}],"predecessor-version":[{"id":6340,"href":"https:\/\/mikrosystem.pl\/index.php\/wp-json\/wp\/v2\/pages\/1792\/revisions\/6340"}],"wp:attachment":[{"href":"https:\/\/mikrosystem.pl\/index.php\/wp-json\/wp\/v2\/media?parent=1792"}],"curies":[{"name":"wp","href":"https:\/\/api.w.org\/{rel}","templated":true}]}}