{"id":17,"date":"2009-07-14T16:30:01","date_gmt":"2009-07-14T14:30:01","guid":{"rendered":"http:\/\/beta.mikrosystem.pl\/?page_id=17"},"modified":"2026-02-16T16:21:35","modified_gmt":"2026-02-16T15:21:35","slug":"partners","status":"publish","type":"page","link":"https:\/\/mikrosystem.pl\/index.php\/partners","title":{"rendered":"Partnerzy"},"content":{"rendered":"<p><\/p>\n\n\n<div class=\"wp-block-columns is-layout-flex wp-container-core-columns-is-layout-9d6595d7 wp-block-columns-is-layout-flex\">\n<div class=\"wp-block-column is-layout-flow wp-block-column-is-layout-flow\">\n<div class=\"wp-block-media-text alignwide is-stacked-on-mobile\"><figure class=\"wp-block-media-text__media\"><img loading=\"lazy\" decoding=\"async\" width=\"250\" height=\"250\" src=\"https:\/\/mikrosystem.pl\/mikrosystem_www\/wp-content\/uploads\/2020\/04\/AIRPLUS_250.png\" alt=\"\" class=\"wp-image-4519 size-full\" srcset=\"https:\/\/mikrosystem.pl\/mikrosystem_www\/wp-content\/uploads\/2020\/04\/AIRPLUS_250.png 250w, https:\/\/mikrosystem.pl\/mikrosystem_www\/wp-content\/uploads\/2020\/04\/AIRPLUS_250-150x150.png 150w\" sizes=\"auto, (max-width: 250px) 100vw, 250px\" \/><\/figure><div class=\"wp-block-media-text__content\">\n<p class=\"has-text-align-left\">Mikrosystem jest certyfikowanym partnerem Lufthansa Air Plus.&nbsp; Nasze systemy mid-office s\u0105 przystosowane do zbierania danych niezb\u0119dnych do raportowania sprzeda\u017cy w w formacie TAMARA i posiadaj\u0105 interfejsy do automatycznego eksportu danych w tym standardzie.<\/p>\n<\/div><\/div>\n\n\n\n<div class=\"wp-block-media-text alignwide is-stacked-on-mobile\"><figure class=\"wp-block-media-text__media\"><img loading=\"lazy\" decoding=\"async\" width=\"332\" height=\"332\" src=\"https:\/\/mikrosystem.pl\/mikrosystem_www\/wp-content\/uploads\/2020\/04\/PRISM_250.png\" alt=\"\" class=\"wp-image-4520 size-full\" srcset=\"https:\/\/mikrosystem.pl\/mikrosystem_www\/wp-content\/uploads\/2020\/04\/PRISM_250.png 332w, https:\/\/mikrosystem.pl\/mikrosystem_www\/wp-content\/uploads\/2020\/04\/PRISM_250-300x300.png 300w, https:\/\/mikrosystem.pl\/mikrosystem_www\/wp-content\/uploads\/2020\/04\/PRISM_250-150x150.png 150w\" sizes=\"auto, (max-width: 332px) 100vw, 332px\" \/><\/figure><div class=\"wp-block-media-text__content\">\n<p>Mikrosystem od 2007 roku jest certyfikowanym patnerem PRISM Group Inc. Nasz system mid-office jest przystosowany do eksportu danych w tym formacie. W procesie certyfikacji uzyskali\u015bmy doskona\u0142\u0105 ocen\u0119 (Grade A) za stopie\u0144 zgodno\u015bci z wymaganiami PRISM Group.<\/p>\n<\/div><\/div>\n\n\n\n<div class=\"wp-block-media-text alignwide is-stacked-on-mobile\"><figure class=\"wp-block-media-text__media\"><img loading=\"lazy\" decoding=\"async\" width=\"250\" height=\"250\" src=\"https:\/\/mikrosystem.pl\/mikrosystem_www\/wp-content\/uploads\/2020\/04\/DINERS_250.png\" alt=\"\" class=\"wp-image-4522 size-full\" srcset=\"https:\/\/mikrosystem.pl\/mikrosystem_www\/wp-content\/uploads\/2020\/04\/DINERS_250.png 250w, https:\/\/mikrosystem.pl\/mikrosystem_www\/wp-content\/uploads\/2020\/04\/DINERS_250-150x150.png 150w\" sizes=\"auto, (max-width: 250px) 100vw, 250px\" \/><\/figure><div class=\"wp-block-media-text__content\">\n<p>Od 2010 roku eKNF jest wyposa\u017cony w eksport danych w formacie wymaganym przez Diners Club International.<\/p>\n<\/div><\/div>\n\n\n\n<div class=\"wp-block-media-text alignwide is-stacked-on-mobile\"><figure class=\"wp-block-media-text__media\"><img loading=\"lazy\" decoding=\"async\" width=\"250\" height=\"250\" src=\"https:\/\/mikrosystem.pl\/mikrosystem_www\/wp-content\/uploads\/2020\/04\/HORSE21.png\" alt=\"\" class=\"wp-image-4524 size-full\" srcset=\"https:\/\/mikrosystem.pl\/mikrosystem_www\/wp-content\/uploads\/2020\/04\/HORSE21.png 250w, https:\/\/mikrosystem.pl\/mikrosystem_www\/wp-content\/uploads\/2020\/04\/HORSE21-150x150.png 150w\" sizes=\"auto, (max-width: 250px) 100vw, 250px\" \/><\/figure><div class=\"wp-block-media-text__content\">\n<p>eKNF posiada automatyczny interfejs odbieraj\u0105cy dane o rezerwacjach hotelowych za\u0142o\u017conych w systemie Horse21Pro. Interfejs obejmuje r\u00f3wnie\u017c faktury, kt\u00f3re &#8211; w formie kosztu &#8211; podpinane s\u0105 do rezerwacji hotelowych <\/p>\n<\/div><\/div>\n\n\n\n<div class=\"wp-block-media-text is-stacked-on-mobile\"><figure class=\"wp-block-media-text__media\"><img loading=\"lazy\" decoding=\"async\" width=\"250\" height=\"250\" src=\"https:\/\/mikrosystem.pl\/mikrosystem_www\/wp-content\/uploads\/2026\/02\/VISA_250-1.png\" alt=\"\" class=\"wp-image-6021 size-full\" srcset=\"https:\/\/mikrosystem.pl\/mikrosystem_www\/wp-content\/uploads\/2026\/02\/VISA_250-1.png 250w, https:\/\/mikrosystem.pl\/mikrosystem_www\/wp-content\/uploads\/2026\/02\/VISA_250-1-150x150.png 150w\" sizes=\"auto, (max-width: 250px) 100vw, 250px\" \/><\/figure><div class=\"wp-block-media-text__content\">\n<p>eKNF jest wyposa\u017cony w modu\u0142 eksportu danych zgodny z Visa Travel Agent Enhanced Data Specification ver 1.2<\/p>\n<\/div><\/div>\n\n\n\n<div class=\"wp-block-media-text is-stacked-on-mobile\"><figure class=\"wp-block-media-text__media\"><img loading=\"lazy\" decoding=\"async\" width=\"250\" height=\"250\" src=\"https:\/\/mikrosystem.pl\/mikrosystem_www\/wp-content\/uploads\/2018\/10\/MasterCard_250.png\" alt=\"\" class=\"wp-image-4041 size-full\" srcset=\"https:\/\/mikrosystem.pl\/mikrosystem_www\/wp-content\/uploads\/2018\/10\/MasterCard_250.png 250w, https:\/\/mikrosystem.pl\/mikrosystem_www\/wp-content\/uploads\/2018\/10\/MasterCard_250-150x150.png 150w\" sizes=\"auto, (max-width: 250px) 100vw, 250px\" \/><\/figure><div class=\"wp-block-media-text__content\">\n<p>eKNF jest wyposa\u017cony w modu\u0142 eksportu danych zgodny z MasterCard Travel Agency Enhanced Data &#8211; Extended File Specification (ACE)<\/p>\n<\/div><\/div>\n<\/div>\n\n\n\n<div class=\"wp-block-column is-layout-flow wp-block-column-is-layout-flow\">\n<div class=\"wp-block-media-text alignwide is-stacked-on-mobile\"><figure class=\"wp-block-media-text__media\"><img loading=\"lazy\" decoding=\"async\" width=\"250\" height=\"250\" src=\"https:\/\/mikrosystem.pl\/mikrosystem_www\/wp-content\/uploads\/2020\/04\/BCD_250.png\" alt=\"\" class=\"wp-image-4518 size-full\" srcset=\"https:\/\/mikrosystem.pl\/mikrosystem_www\/wp-content\/uploads\/2020\/04\/BCD_250.png 250w, https:\/\/mikrosystem.pl\/mikrosystem_www\/wp-content\/uploads\/2020\/04\/BCD_250-150x150.png 150w\" sizes=\"auto, (max-width: 250px) 100vw, 250px\" \/><\/figure><div class=\"wp-block-media-text__content\">\n<p>Wsp\u00f3\u0142pracujemy z partnerami BCD w Polsce. Nasz produkt przeznaczony dla biur podr\u00f3\u017cy obs\u0142uguj\u0105cych podr\u00f3\u017ce biznesowe: eKNF posiada certyfikat BCD pozwalaj\u0105cy na automatyczny eksport danych w formacie GRO 2.08 i 2.09.<\/p>\n<\/div><\/div>\n\n\n\n<div class=\"wp-block-media-text alignwide is-stacked-on-mobile\"><figure class=\"wp-block-media-text__media\"><img loading=\"lazy\" decoding=\"async\" width=\"250\" height=\"250\" src=\"https:\/\/mikrosystem.pl\/mikrosystem_www\/wp-content\/uploads\/2020\/04\/AMEX_250.png\" alt=\"\" class=\"wp-image-4521 size-full\" srcset=\"https:\/\/mikrosystem.pl\/mikrosystem_www\/wp-content\/uploads\/2020\/04\/AMEX_250.png 250w, https:\/\/mikrosystem.pl\/mikrosystem_www\/wp-content\/uploads\/2020\/04\/AMEX_250-150x150.png 150w\" sizes=\"auto, (max-width: 250px) 100vw, 250px\" \/><\/figure><div class=\"wp-block-media-text__content\">\n<p>Mikrosystem od 2008 roku wsp\u00f3\u0142pracuje z AMEX Business Travel Account. Nasz system mid-office posiada specjalnie dla AMEX BTA stworzon\u0105 funkcjonalno\u015b\u0107, pozwalaj\u0105c\u0105 na raportowanie w formacie uzgodnionym przez AMEX.<\/p>\n<\/div><\/div>\n\n\n\n<div class=\"wp-block-media-text alignwide is-stacked-on-mobile\"><figure class=\"wp-block-media-text__media\"><img loading=\"lazy\" decoding=\"async\" width=\"250\" height=\"250\" src=\"https:\/\/mikrosystem.pl\/mikrosystem_www\/wp-content\/uploads\/2020\/04\/Merigo_250.png\" alt=\"\" class=\"wp-image-4525 size-full\" srcset=\"https:\/\/mikrosystem.pl\/mikrosystem_www\/wp-content\/uploads\/2020\/04\/Merigo_250.png 250w, https:\/\/mikrosystem.pl\/mikrosystem_www\/wp-content\/uploads\/2020\/04\/Merigo_250-150x150.png 150w\" sizes=\"auto, (max-width: 250px) 100vw, 250px\" \/><\/figure><div class=\"wp-block-media-text__content\">\n<p>eKNF posiada automatyczny interfejs odbieraj\u0105cy dane o rezerwacjach hotelowych za\u0142o\u017conych w systemie GoGlobal i Merigo. Interfejs obejmuje r\u00f3wnie\u017c faktury, kt\u00f3re &#8211; w formie kosztu &#8211; podpinane s\u0105 do rezerwacji hotelowych<\/p>\n<\/div><\/div>\n\n\n\n<div class=\"wp-block-media-text alignwide is-stacked-on-mobile\"><figure class=\"wp-block-media-text__media\"><img loading=\"lazy\" decoding=\"async\" width=\"150\" height=\"150\" src=\"https:\/\/mikrosystem.pl\/mikrosystem_www\/wp-content\/uploads\/2020\/04\/RATEHAWK_150.png\" alt=\"\" class=\"wp-image-4507 size-full\"\/><\/figure><div class=\"wp-block-media-text__content\">\n<p>Od 2019 roku eKNF posiada automatyczny interfejs odbieraj\u0105cy dane o rezerwacjach hotelowych za\u0142o\u017conych w systemie RateHawk. Interfejs obejmuje r\u00f3wnie\u017c faktury, kt\u00f3re &#8211; w formie kosztu &#8211; podpinane s\u0105 do rezerwacji hotelowych<\/p>\n<\/div><\/div>\n\n\n\n<div class=\"wp-block-media-text is-stacked-on-mobile\"><figure class=\"wp-block-media-text__media\"><img loading=\"lazy\" decoding=\"async\" width=\"250\" height=\"250\" src=\"https:\/\/mikrosystem.pl\/mikrosystem_www\/wp-content\/uploads\/2026\/02\/TBO.jpg\" alt=\"\" class=\"wp-image-6019 size-full\" srcset=\"https:\/\/mikrosystem.pl\/mikrosystem_www\/wp-content\/uploads\/2026\/02\/TBO.jpg 250w, https:\/\/mikrosystem.pl\/mikrosystem_www\/wp-content\/uploads\/2026\/02\/TBO-150x150.jpg 150w\" sizes=\"auto, (max-width: 250px) 100vw, 250px\" \/><\/figure><div class=\"wp-block-media-text__content\">\n<p>eKNF jest zintegrowany z TBO. Rezerwacje hotelowe za\u0142o\u017cone w TBO s\u0105 automatycznie importowane do eKNF<\/p>\n<\/div><\/div>\n\n\n\n<div class=\"wp-block-media-text is-stacked-on-mobile\"><figure class=\"wp-block-media-text__media\"><img loading=\"lazy\" decoding=\"async\" width=\"250\" height=\"250\" src=\"https:\/\/mikrosystem.pl\/mikrosystem_www\/wp-content\/uploads\/2026\/02\/DRCT_250.png\" alt=\"\" class=\"wp-image-6023 size-full\" srcset=\"https:\/\/mikrosystem.pl\/mikrosystem_www\/wp-content\/uploads\/2026\/02\/DRCT_250.png 250w, https:\/\/mikrosystem.pl\/mikrosystem_www\/wp-content\/uploads\/2026\/02\/DRCT_250-150x150.png 150w\" sizes=\"auto, (max-width: 250px) 100vw, 250px\" \/><\/figure><div class=\"wp-block-media-text__content\">\n<p>eKNF posiada automatyczny interfejs s\u0142u\u017c\u0105cy do pobierania danych o biletach lotniczych wystawionych w systemie DRCT<\/p>\n<\/div><\/div>\n<\/div>\n<\/div>\n\n\n\n<p><\/p>\n\n\n\n<p><\/p>","protected":false},"excerpt":{"rendered":"<p>Mikrosystem jest certyfikowanym partnerem Lufthansa Air Plus.&nbsp; Nasze systemy mid-office s\u0105 przystosowane do zbierania danych niezb\u0119dnych do raportowania sprzeda\u017cy w w formacie TAMARA i posiadaj\u0105 interfejsy do automatycznego eksportu danych w tym standardzie. Mikrosystem od 2007 roku jest certyfikowanym patnerem PRISM Group Inc. Nasz system mid-office jest przystosowany do eksportu danych w tym formacie. W &#8230; <a title=\"Partnerzy\" class=\"read-more\" href=\"https:\/\/mikrosystem.pl\/index.php\/partners\" aria-label=\"Dowiedz si\u0119 wi\u0119cej o Partnerzy\">Read more<\/a><\/p>\n","protected":false},"author":5,"featured_media":0,"parent":0,"menu_order":4,"comment_status":"closed","ping_status":"closed","template":"","meta":{"generate_page_header":"","footnotes":""},"class_list":{"0":"post-17","1":"page","2":"type-page","3":"status-publish","5":"infinite-scroll-item"},"_links":{"self":[{"href":"https:\/\/mikrosystem.pl\/index.php\/wp-json\/wp\/v2\/pages\/17","targetHints":{"allow":["GET"]}}],"collection":[{"href":"https:\/\/mikrosystem.pl\/index.php\/wp-json\/wp\/v2\/pages"}],"about":[{"href":"https:\/\/mikrosystem.pl\/index.php\/wp-json\/wp\/v2\/types\/page"}],"author":[{"embeddable":true,"href":"https:\/\/mikrosystem.pl\/index.php\/wp-json\/wp\/v2\/users\/5"}],"replies":[{"embeddable":true,"href":"https:\/\/mikrosystem.pl\/index.php\/wp-json\/wp\/v2\/comments?post=17"}],"version-history":[{"count":32,"href":"https:\/\/mikrosystem.pl\/index.php\/wp-json\/wp\/v2\/pages\/17\/revisions"}],"predecessor-version":[{"id":6025,"href":"https:\/\/mikrosystem.pl\/index.php\/wp-json\/wp\/v2\/pages\/17\/revisions\/6025"}],"wp:attachment":[{"href":"https:\/\/mikrosystem.pl\/index.php\/wp-json\/wp\/v2\/media?parent=17"}],"curies":[{"name":"wp","href":"https:\/\/api.w.org\/{rel}","templated":true}]}}