{"id":1640,"date":"2014-01-03T14:18:49","date_gmt":"2014-01-03T13:18:49","guid":{"rendered":"http:\/\/mikrosystem.pl\/?page_id=1640"},"modified":"2024-06-28T16:47:07","modified_gmt":"2024-06-28T14:47:07","slug":"do-pobrania","status":"publish","type":"page","link":"https:\/\/mikrosystem.pl\/index.php\/do-pobrania","title":{"rendered":"Do pobrania"},"content":{"rendered":"<p><\/p>\n<h1>Narz\u0119dzia pomocy technicznej:<\/h1>\n<p><a href=\"https:\/\/www.teamviewer.com\/download\/TeamViewer_Setup_pl.exe\"><strong>TeamViewer<\/strong> &#8211; program do zdalnego dost\u0119pu<\/a><\/p>\n<p><a href=\"http:\/\/download.teamviewer.com\/download\/TeamViewerQS_pl.exe\"><strong>TeamViewer<\/strong> Quick Support &#8211; wersja nie wymagaj\u0105ca instalacji<br \/>\n<\/a><\/p>\n<h1>Aplikacja raportowa eKNFReports:<\/h1>\n<p><a href=\"https:\/\/mikrosystem.pl\/index.php\/pomoc\/eknf-instrukcja-obslugi\/funkcje-administracyjne\/konfiguracja-raportowania\/instalacja-aplikacji-eknfreports\" target=\"_blank\" rel=\"noopener\">Pobierz i zainstaluj eKNFReports<\/a><\/p>\n<h1>Wtyczki i rozszerzenia przegl\u0105darki:<strong><br \/>\n<\/strong><\/h1>\n<p><a href=\"https:\/\/fpdownload.macromedia.com\/pub\/flashplayer\/updaters\/27\/flashplayer_27_plugin_debug.exe\">Wtyczka Adobe Flash Player<\/a><\/p>","protected":false},"excerpt":{"rendered":"<p>Narz\u0119dzia pomocy technicznej: TeamViewer &#8211; program do zdalnego dost\u0119pu TeamViewer Quick Support &#8211; wersja nie wymagaj\u0105ca instalacji Aplikacja raportowa eKNFReports: Pobierz i zainstaluj eKNFReports Wtyczki i rozszerzenia przegl\u0105darki: Wtyczka Adobe Flash Player<\/p>\n","protected":false},"author":5,"featured_media":0,"parent":0,"menu_order":11,"comment_status":"closed","ping_status":"closed","template":"","meta":{"generate_page_header":"","footnotes":""},"class_list":{"0":"post-1640","1":"page","2":"type-page","3":"status-publish","5":"infinite-scroll-item"},"_links":{"self":[{"href":"https:\/\/mikrosystem.pl\/index.php\/wp-json\/wp\/v2\/pages\/1640","targetHints":{"allow":["GET"]}}],"collection":[{"href":"https:\/\/mikrosystem.pl\/index.php\/wp-json\/wp\/v2\/pages"}],"about":[{"href":"https:\/\/mikrosystem.pl\/index.php\/wp-json\/wp\/v2\/types\/page"}],"author":[{"embeddable":true,"href":"https:\/\/mikrosystem.pl\/index.php\/wp-json\/wp\/v2\/users\/5"}],"replies":[{"embeddable":true,"href":"https:\/\/mikrosystem.pl\/index.php\/wp-json\/wp\/v2\/comments?post=1640"}],"version-history":[{"count":18,"href":"https:\/\/mikrosystem.pl\/index.php\/wp-json\/wp\/v2\/pages\/1640\/revisions"}],"predecessor-version":[{"id":5602,"href":"https:\/\/mikrosystem.pl\/index.php\/wp-json\/wp\/v2\/pages\/1640\/revisions\/5602"}],"wp:attachment":[{"href":"https:\/\/mikrosystem.pl\/index.php\/wp-json\/wp\/v2\/media?parent=1640"}],"curies":[{"name":"wp","href":"https:\/\/api.w.org\/{rel}","templated":true}]}}