{"id":12,"date":"2009-07-14T16:28:46","date_gmt":"2009-07-14T14:28:46","guid":{"rendered":"http:\/\/beta.mikrosystem.pl\/?page_id=12"},"modified":"2026-03-21T07:34:50","modified_gmt":"2026-03-21T06:34:50","slug":"referencje","status":"publish","type":"page","link":"https:\/\/mikrosystem.pl\/index.php\/referencje","title":{"rendered":"Referencje"},"content":{"rendered":"<p>Obs\u0142ugujemy polskie i regionalne biura podr\u00f3\u017cy (od najwi\u0119kszych, do najmniejszych) nieprzerwanie od 25 lat. Marka, kt\u00f3r\u0105 cieszymy si\u0119 na rynku, wynika z wieloletnich zawodowych kontakt\u00f3w, zaufania i osobistych relacji z wieloma z Was. Obecnie obs\u0142ugujemy ponad sto biur podr\u00f3\u017cy i mamy oko\u0142o tysi\u0105ca aktywnych u\u017cytkownik\u00f3w. Nasz flagowy produkt: eKNF, przetwarza rocznie 1,5 miliona us\u0142ug (bilet\u00f3w lotniczych, kolejowych, rezerwacji hotelowych, prom\u00f3w, samochod\u00f3w, wiz, transfer\u00f3w i ubezpiecze\u0144). Na tej stronie prezentujemy list\u0119 referencyjn\u0105 biur korzystaj\u0105cych z naszych us\u0142ug i pisemne rekomendacje.<br>Jeste\u015bmy tu dla Was i dzi\u0119ki Wam. Dzi\u0119kujemy za zaufanie. Nie zawiedziemy go.<br><\/p>\n\n\n\n<p><\/p>\n\n\n\n<figure class=\"wp-block-table\"><table class=\"has-fixed-layout\"><tbody><tr><td>&nbsp;<figure><a href=\"https:\/\/mikrosystem.pl\/mikrosystem_www\/wp-content\/uploads\/2009\/07\/Rekomendacja_Weco_001152.png\"><img loading=\"lazy\" decoding=\"async\" class=\"size-full wp-image-3747 aligncenter\" src=\"https:\/\/mikrosystem.pl\/mikrosystem_www\/wp-content\/uploads\/2009\/07\/Rekomendacja_Weco_001152.png\" alt=\"\" width=\"759\" height=\"734\" srcset=\"https:\/\/mikrosystem.pl\/mikrosystem_www\/wp-content\/uploads\/2009\/07\/Rekomendacja_Weco_001152.png 759w, https:\/\/mikrosystem.pl\/mikrosystem_www\/wp-content\/uploads\/2009\/07\/Rekomendacja_Weco_001152-300x290.png 300w\" sizes=\"auto, (max-width: 759px) 100vw, 759px\" \/><\/a><\/figure><\/td><td>&nbsp;<figure><a href=\"https:\/\/mikrosystem.pl\/mikrosystem_www\/wp-content\/uploads\/2009\/07\/eKNF-Rekomendacja_BCD_001120.png\"><img loading=\"lazy\" decoding=\"async\" class=\"size-full wp-image-3694 aligncenter\" src=\"https:\/\/mikrosystem.pl\/mikrosystem_www\/wp-content\/uploads\/2009\/07\/eKNF-Rekomendacja_BCD_001120.png\" alt=\"\" width=\"751\" height=\"729\" srcset=\"https:\/\/mikrosystem.pl\/mikrosystem_www\/wp-content\/uploads\/2009\/07\/eKNF-Rekomendacja_BCD_001120.png 751w, https:\/\/mikrosystem.pl\/mikrosystem_www\/wp-content\/uploads\/2009\/07\/eKNF-Rekomendacja_BCD_001120-300x291.png 300w\" sizes=\"auto, (max-width: 751px) 100vw, 751px\" \/><\/a><\/figure><\/td><td>&nbsp;<figure><a href=\"https:\/\/mikrosystem.pl\/mikrosystem_www\/wp-content\/uploads\/2009\/07\/eKNF-Rekomendacja-LOT_001123.png\"><img loading=\"lazy\" decoding=\"async\" class=\"size-full wp-image-3693 aligncenter\" src=\"https:\/\/mikrosystem.pl\/mikrosystem_www\/wp-content\/uploads\/2009\/07\/eKNF-Rekomendacja-LOT_001123.png\" alt=\"\" width=\"753\" height=\"732\" srcset=\"https:\/\/mikrosystem.pl\/mikrosystem_www\/wp-content\/uploads\/2009\/07\/eKNF-Rekomendacja-LOT_001123.png 753w, https:\/\/mikrosystem.pl\/mikrosystem_www\/wp-content\/uploads\/2009\/07\/eKNF-Rekomendacja-LOT_001123-300x292.png 300w\" sizes=\"auto, (max-width: 753px) 100vw, 753px\" \/><\/a><\/figure><\/td><\/tr><tr><td>&nbsp;<figure><a href=\"https:\/\/mikrosystem.pl\/mikrosystem_www\/wp-content\/uploads\/2009\/07\/eKNF-Rekomendacja-FirstClass_001122.png\"><img loading=\"lazy\" decoding=\"async\" class=\"size-full wp-image-3692 aligncenter\" src=\"https:\/\/mikrosystem.pl\/mikrosystem_www\/wp-content\/uploads\/2009\/07\/eKNF-Rekomendacja-FirstClass_001122.png\" alt=\"\" width=\"681\" height=\"733\" srcset=\"https:\/\/mikrosystem.pl\/mikrosystem_www\/wp-content\/uploads\/2009\/07\/eKNF-Rekomendacja-FirstClass_001122.png 681w, https:\/\/mikrosystem.pl\/mikrosystem_www\/wp-content\/uploads\/2009\/07\/eKNF-Rekomendacja-FirstClass_001122-279x300.png 279w\" sizes=\"auto, (max-width: 681px) 100vw, 681px\" \/><\/a><\/figure><\/td><td>&nbsp;<figure><a href=\"https:\/\/mikrosystem.pl\/mikrosystem_www\/wp-content\/uploads\/2017\/03\/Rekomendacja-eTravel_001151.png\"><img loading=\"lazy\" decoding=\"async\" class=\"size-full wp-image-3745 aligncenter\" src=\"https:\/\/mikrosystem.pl\/mikrosystem_www\/wp-content\/uploads\/2017\/03\/Rekomendacja-eTravel_001151.png\" alt=\"\" width=\"759\" height=\"771\" srcset=\"https:\/\/mikrosystem.pl\/mikrosystem_www\/wp-content\/uploads\/2017\/03\/Rekomendacja-eTravel_001151.png 759w, https:\/\/mikrosystem.pl\/mikrosystem_www\/wp-content\/uploads\/2017\/03\/Rekomendacja-eTravel_001151-295x300.png 295w\" sizes=\"auto, (max-width: 759px) 100vw, 759px\" \/><\/a><\/figure><\/td><td>&nbsp;<figure><a href=\"https:\/\/mikrosystem.pl\/mikrosystem_www\/wp-content\/uploads\/2009\/07\/Rekomendacja-Merigo_001126.png\"><img loading=\"lazy\" decoding=\"async\" class=\"size-full wp-image-3696 aligncenter\" src=\"https:\/\/mikrosystem.pl\/mikrosystem_www\/wp-content\/uploads\/2009\/07\/Rekomendacja-Merigo_001126.png\" alt=\"\" width=\"594\" height=\"724\" srcset=\"https:\/\/mikrosystem.pl\/mikrosystem_www\/wp-content\/uploads\/2009\/07\/Rekomendacja-Merigo_001126.png 594w, https:\/\/mikrosystem.pl\/mikrosystem_www\/wp-content\/uploads\/2009\/07\/Rekomendacja-Merigo_001126-246x300.png 246w\" sizes=\"auto, (max-width: 594px) 100vw, 594px\" \/><\/a><\/figure><\/td><\/tr><tr><td><img decoding=\"async\" class=\"wp-image-5644\" style=\"width: NaNpx;\" src=\"https:\/\/mikrosystem.pl\/mikrosystem_www\/wp-content\/uploads\/2025\/04\/REKOMENDACJA-TRAVELADVISORS.pdf\" alt=\"\"><img loading=\"lazy\" decoding=\"async\" width=\"450\" height=\"527\" class=\"wp-image-5645\" style=\"width: 450px;\" src=\"https:\/\/mikrosystem.pl\/mikrosystem_www\/wp-content\/uploads\/2025\/04\/eKNF-Rekomendacja-Traveladvisors.png\" alt=\"\" srcset=\"https:\/\/mikrosystem.pl\/mikrosystem_www\/wp-content\/uploads\/2025\/04\/eKNF-Rekomendacja-Traveladvisors.png 856w, https:\/\/mikrosystem.pl\/mikrosystem_www\/wp-content\/uploads\/2025\/04\/eKNF-Rekomendacja-Traveladvisors-256x300.png 256w, https:\/\/mikrosystem.pl\/mikrosystem_www\/wp-content\/uploads\/2025\/04\/eKNF-Rekomendacja-Traveladvisors-768x900.png 768w\" sizes=\"auto, (max-width: 450px) 100vw, 450px\" \/><\/td><td><\/td><td><\/td><\/tr><\/tbody><\/table><\/figure>\n\n\n\n<p>Biura podr\u00f3\u017cy korzystaj\u0105ce z naszych system\u00f3w, rozwi\u0105za\u0144, i technologii:<\/p>\n\n\n<div class=\"wp-block-image\">\n<figure class=\"aligncenter size-large\"><img loading=\"lazy\" decoding=\"async\" width=\"1024\" height=\"879\" src=\"https:\/\/mikrosystem.pl\/mikrosystem_www\/wp-content\/uploads\/2025\/04\/Klienci_20250414_250-1024x879.png\" alt=\"\" class=\"wp-image-5649\" srcset=\"https:\/\/mikrosystem.pl\/mikrosystem_www\/wp-content\/uploads\/2025\/04\/Klienci_20250414_250-1024x879.png 1024w, https:\/\/mikrosystem.pl\/mikrosystem_www\/wp-content\/uploads\/2025\/04\/Klienci_20250414_250-300x258.png 300w, https:\/\/mikrosystem.pl\/mikrosystem_www\/wp-content\/uploads\/2025\/04\/Klienci_20250414_250-768x660.png 768w, https:\/\/mikrosystem.pl\/mikrosystem_www\/wp-content\/uploads\/2025\/04\/Klienci_20250414_250.png 1197w\" sizes=\"auto, (max-width: 1024px) 100vw, 1024px\" \/><\/figure>\n<\/div>\n\n\n<p><\/p>\n\n\n\n<p class=\"has-text-align-left\"><\/p>\n\n\n\n<p><\/p>","protected":false},"excerpt":{"rendered":"<p>Obs\u0142ugujemy polskie i regionalne biura podr\u00f3\u017cy (od najwi\u0119kszych, do najmniejszych) nieprzerwanie od 25 lat. Marka, kt\u00f3r\u0105 cieszymy si\u0119 na rynku, wynika z wieloletnich zawodowych kontakt\u00f3w, zaufania i osobistych relacji z wieloma z Was. Obecnie obs\u0142ugujemy ponad sto biur podr\u00f3\u017cy i mamy oko\u0142o tysi\u0105ca aktywnych u\u017cytkownik\u00f3w. Nasz flagowy produkt: eKNF, przetwarza rocznie 1,5 miliona us\u0142ug (bilet\u00f3w &#8230; <a title=\"Referencje\" class=\"read-more\" href=\"https:\/\/mikrosystem.pl\/index.php\/referencje\" aria-label=\"Dowiedz si\u0119 wi\u0119cej o Referencje\">Read more<\/a><\/p>\n","protected":false},"author":5,"featured_media":0,"parent":0,"menu_order":8,"comment_status":"closed","ping_status":"closed","template":"","meta":{"generate_page_header":"","footnotes":""},"class_list":{"0":"post-12","1":"page","2":"type-page","3":"status-publish","5":"infinite-scroll-item"},"_links":{"self":[{"href":"https:\/\/mikrosystem.pl\/index.php\/wp-json\/wp\/v2\/pages\/12","targetHints":{"allow":["GET"]}}],"collection":[{"href":"https:\/\/mikrosystem.pl\/index.php\/wp-json\/wp\/v2\/pages"}],"about":[{"href":"https:\/\/mikrosystem.pl\/index.php\/wp-json\/wp\/v2\/types\/page"}],"author":[{"embeddable":true,"href":"https:\/\/mikrosystem.pl\/index.php\/wp-json\/wp\/v2\/users\/5"}],"replies":[{"embeddable":true,"href":"https:\/\/mikrosystem.pl\/index.php\/wp-json\/wp\/v2\/comments?post=12"}],"version-history":[{"count":40,"href":"https:\/\/mikrosystem.pl\/index.php\/wp-json\/wp\/v2\/pages\/12\/revisions"}],"predecessor-version":[{"id":6392,"href":"https:\/\/mikrosystem.pl\/index.php\/wp-json\/wp\/v2\/pages\/12\/revisions\/6392"}],"wp:attachment":[{"href":"https:\/\/mikrosystem.pl\/index.php\/wp-json\/wp\/v2\/media?parent=12"}],"curies":[{"name":"wp","href":"https:\/\/api.w.org\/{rel}","templated":true}]}}